{"id":1694,"date":"2024-04-12T20:39:52","date_gmt":"2024-04-12T18:39:52","guid":{"rendered":"https:\/\/elegancebet.cz\/?page_id=1694"},"modified":"2024-07-02T15:47:25","modified_gmt":"2024-07-02T13:47:25","slug":"bedingungen-und-konditionen","status":"publish","type":"page","link":"https:\/\/elegancebet.cz\/de\/bedingungen-und-konditionen\/","title":{"rendered":"Bedingungen und Konditionen"},"content":{"rendered":"<div data-elementor-type=\"wp-page\" data-elementor-id=\"1694\" class=\"elementor elementor-1694\" data-elementor-post-type=\"page\">\n\t\t\t\t<div class=\"elementor-element elementor-element-6b9075a e-flex e-con-boxed e-con e-parent\" data-id=\"6b9075a\" data-element_type=\"container\" data-e-type=\"container\" data-settings=\"{&quot;background_background&quot;:&quot;classic&quot;}\">\n\t\t\t\t\t<div class=\"e-con-inner\">\n\t\t<div class=\"elementor-element elementor-element-b752f07 e-con-full e-flex e-con e-child\" data-id=\"b752f07\" data-element_type=\"container\" data-e-type=\"container\">\n\t\t\t\t<div class=\"elementor-element elementor-element-076c624 elementor-widget elementor-widget-heading\" data-id=\"076c624\" data-element_type=\"widget\" data-e-type=\"widget\" data-widget_type=\"heading.default\">\n\t\t\t\t<div class=\"elementor-widget-container\">\n\t\t\t\t\t<h4 class=\"elementor-heading-title elementor-size-default\">Bedingungen und Konditionen\n<\/h4>\t\t\t\t<\/div>\n\t\t\t\t<\/div>\n\t\t\t\t<div class=\"elementor-element elementor-element-6adf69b elementor-widget elementor-widget-text-editor\" data-id=\"6adf69b\" data-element_type=\"widget\" data-e-type=\"widget\" data-widget_type=\"text-editor.default\">\n\t\t\t\t<div class=\"elementor-widget-container\">\n\t\t\t\t\t\t\t\t\t<ol><li><strong>Grundlegende Informationen<\/strong><ol><li><strong>Website-Betreiber<\/strong>Kutaj Group s.r.o., ID: 21670315, (im Folgenden auch als \"EleganceBet\", \"wir\", \"uns\", \"unser\" bezeichnet) betreibt die Website <a href=\"https:\/\/elegancebet.cz\/de\/\">https:\/\/elegancebet.cz\/<\/a> (die \"Website\") und bietet die im Folgenden beschriebenen Dienste an.<\/li><li><strong>Dienstanbieter: Der Dienstanbieter ist das Unternehmen <\/strong>Kutaj Group s.r.o., ID Nr.: 21670315 (im Folgenden auch \"EleganceBet\", \"wir\", \"uns\", \"unser\" genannt) .<\/li><li><strong>Kunde<\/strong>Kunde: Ein Kunde ist jede Person, die sich auf der Website des Dienstleisters registriert und\/oder die Dienstleistungen des Dienstleisters bestellt.<\/li><li><strong>Dienstleistungen<\/strong>EleganceBet: Der Dienstleister erbringt Beratungsdienstleistungen im Bereich der Sportwetten auf Sportwettk\u00e4mpfe und andere Sportereignisse (im Folgenden als \"EleganceBet-Dienstleistungen\" oder \"Dienstleistungen\" bezeichnet).<\/li><\/ol><\/li><li><strong>Unsere Dienstleistungen<\/strong><ol><li>EleganceBet bietet seinen Kunden Pakete an, die Tippanalysen, Wetttipps und Sonderangebote enthalten, wie auf der Website beschrieben.<\/li><li>Pakete:<ul><li><strong>Einstiegspaket<\/strong>: 7 Tipps\/Vorhersagen f\u00fcr 7 Tage, Wetttipps, bevorzugter Zugang zu Sonderangeboten.<\/li><li><strong>Erweitertes Paket<\/strong>: 7 Tipps\/Vorhersagen f\u00fcr 7 Tage, Wetttipps, bevorzugter Zugang zu Sonderangeboten.<\/li><li><strong>Luxus-Paket<\/strong>: 30 Tipps\/Vorhersagen f\u00fcr 30 Tage, Beratung bei der Er\u00f6ffnung eines Kontos bei einem Buchmacher, bevorzugter Zugang zu Sonderangeboten.<\/li><li><strong>Einzelfahrschein<\/strong>: 1 Ticket\/Vorhersage, zugestellt am Tag des Kaufs.<\/li><\/ul><\/li><li>\u00a0Alle Preise f\u00fcr Dienstleistungen sind inklusive Steuern und Geb\u00fchren.<\/li><\/ol><\/li><li><strong>Art der Dienstleistungen<\/strong><ol><li>Die von EleganceBet angebotenen Dienstleistungen haben informativen Charakter und stellen keine garantierte Beratung dar. Der Kunde nutzt die bereitgestellten Informationen auf eigenes Risiko. Der Dienstleister \u00fcbernimmt keine Garantie f\u00fcr den Erfolg einer Wette, wenn der Kunde den gegebenen Ratschl\u00e4gen, Empfehlungen oder Beratungen folgt.<\/li><li>Der Dienstanbieter haftet nicht f\u00fcr Verluste oder Sch\u00e4den, die sich aus der Nutzung der bereitgestellten Tipps, Ratschl\u00e4ge oder Strategien ergeben.<\/li><li>Der Dienstanbieter platziert keine Wetten im Namen des Kunden und nimmt kein Geld f\u00fcr Wetten an.<\/li><\/ol><\/li><li><strong>Preise und Zahlungen<\/strong><br \/><ol><li>Der Preis der Dienstleistungen wird f\u00fcr die jeweils angebotene Dienstleistung gesondert festgelegt.<\/li><li>Der Preis f\u00fcr die Dienstleistungen umfasst die Lieferkosten und die mit der gew\u00e4hlten Zahlungsmethode verbundenen Geb\u00fchren.<\/li><li>Die Preise sind Endpreise, einschlie\u00dflich aller Steuern und Geb\u00fchren.<\/li><\/ol><\/li><li><strong>Erm\u00e4\u00dfigungen<\/strong><ol><li>Etwaige Preisnachl\u00e4sse auf die vom Diensteanbieter erbrachten Leistungen k\u00f6nnen nicht addiert oder kombiniert werden, es sei denn, der Kunde und der Diensteanbieter vereinbaren etwas anderes.<\/li><\/ol><\/li><li><strong>Abschluss des Vertrages<\/strong><ol><li>Das Zustandekommen des Vertrages beruht immer auf der Bestellung des Kunden \u00fcber die Website <a href=\"https:\/\/elegancebet.cz\/de\">https:\/\/elegancebet.cz<\/a><\/li><li>Das Verfahren zur Bestellung von Dienstleistungen wird im Abschnitt \u00fcber die Mitgliedschaft beschrieben - <a href=\"https:\/\/elegancebet.cz\/de\/clenstvi\/\">https:\/\/elegancebet.cz\/clenstvi\/<\/a><\/li><li>Die Bestellung kann \u00fcber das Internet erfolgen. Nach erfolgreichem Abschluss der Bestellung erh\u00e4lt der Kunde eine Best\u00e4tigung und Rechnung per E-Mail.<\/li><li>Der Vertrag kommt durch Zusendung der Auftragsbest\u00e4tigung zustande.<\/li><li>Der Preis f\u00fcr die Dienstleistungen ist am Tag des Vertragsabschlusses f\u00e4llig.<\/li><li>Die Dienste werden dem Kunden nach Zahlung des Preises f\u00fcr die Dienste zur Verf\u00fcgung gestellt.<\/li><\/ol><\/li><li><strong>Beendigung von Vertr\u00e4gen<\/strong><ol><li>Wenn der Kunde den Preis f\u00fcr die Dienstleistungen nicht innerhalb von 3 Tagen nach F\u00e4lligkeit des Preises f\u00fcr die Dienstleistungen bezahlt, wird der Vertrag von Anfang an gek\u00fcndigt.<\/li><\/ol><\/li><li><strong>Rechte und Pflichten des Kunden<\/strong><ol><li>Der Kunde ist verpflichtet, wahrheitsgem\u00e4\u00dfe und aktuelle Angaben zu machen und seine Zugangsdaten sicher aufzubewahren.<\/li><li>Der Kunde ist verpflichtet, den Preis f\u00fcr die Dienstleistungen zu zahlen.<\/li><li>Der Kunde ist nicht berechtigt, Tipps, Ratschl\u00e4ge, Beratungen oder sonstige Informationen, die der Dienstanbieter zur Verf\u00fcgung stellt, an Dritte weiterzugeben.<\/li><li>Kunden k\u00f6nnen ihr Konto jederzeit k\u00fcndigen, indem sie eine Anfrage an info@elegancebet.cz senden. Mit der K\u00fcndigung des Kontos verliert der Kunde den Zugang zu allen gekauften Dienstleistungen und zur Bestellhistorie.<\/li><\/ol><\/li><li><strong>Vertragsstrafen<\/strong><ol><li>Verst\u00f6\u00dft der Kunde gegen die in Art. 8.3. dieser Allgemeinen Gesch\u00e4ftsbedingungen festgelegte Verpflichtung, d.h. gibt der Kunde Informationen, die ihm im Rahmen der bestellten Dienstleistung zur Verf\u00fcgung gestellt wurden, an Dritte weiter (insbesondere wenn der Kunde den erteilten Tipp, die Beratung oder den Rat an einen Dritten vermittelt), ist er verpflichtet, dem Dienstleister eine Vertragsstrafe in H\u00f6he von 50.000,- CZK zu zahlen.<\/li><li>Alle Vertragsstrafen gem\u00e4\u00df diesen Allgemeinen Gesch\u00e4ftsbedingungen sind innerhalb von f\u00fcnf (5) Tagen ab dem Datum f\u00e4llig, an dem der Kunde eine schriftliche Zahlungsaufforderung des Dienstleisters erh\u00e4lt. Wird die schriftliche Aufforderung zur Zahlung der Vertragsstrafe dem Kunden nicht zugestellt, ist die Vertragsstrafe innerhalb von zehn (10) Tagen nach dem Datum f\u00e4llig und zahlbar, an dem die schriftliche Zahlungsaufforderung vom Diensteanbieter dem Postlizenznehmer zur Zustellung \u00fcbergeben wird.<\/li><li>Die Zahlung der Vertragsstrafe ber\u00fchrt nicht den Anspruch auf Ersatz des \u00fcber die gezahlte Vertragsstrafe hinausgehenden Schadens.<\/li><\/ol><\/li><li><strong>Wettbewerbe und Sonderangebote<\/strong><ol><li>EleganceBet m\u016f\u017ee nab\u00edzet sout\u011b\u017ee a speci\u00e1ln\u00ed ak\u010dn\u00ed nab\u00eddky. Podm\u00ednky t\u011bchto nab\u00eddek budou v\u017edy uvedeny na webu.<\/li><li>EleganceBet si vyhrazuje pr\u00e1vo zm\u011bnit nebo ukon\u010dit sout\u011b\u017ee bez p\u0159edchoz\u00edho upozorn\u011bn\u00ed.<\/li><\/ol><\/li><li><strong>Z\u00e1kaznick\u00fd \u00fa\u010det<\/strong><ol><li>Z\u00e1kazn\u00edk m\u00e1 p\u0159\u00edstup k historii objedn\u00e1vek a zakoupen\u00fdm slu\u017eb\u00e1m prost\u0159ednictv\u00edm sv\u00e9ho z\u00e1kaznick\u00e9ho \u00fa\u010dtu na webu.<\/li><li>P\u0159\u00edstupov\u00e9 \u00fadaje mus\u00ed b\u00fdt bezpe\u010dn\u00e9 a nesm\u00ed b\u00fdt sd\u00edleny s t\u0159et\u00edmi osobami.<\/li><\/ol><\/li><li><strong>Pr\u00e1vo na odstoupen\u00ed od smlouvy<\/strong><ol><li>Z\u00e1kazn\u00edk m\u00e1 pr\u00e1vo odstoupit od smlouvy do 14 dn\u016f od uzav\u0159en\u00ed smlouvy bez uveden\u00ed d\u016fvod\u016f, pokud je\u0161t\u011b neza\u010dalo poskytov\u00e1n\u00ed slu\u017eeb.<\/li><li>Z\u00e1kazn\u00edk souhlasem s\u00a0t\u011bmito v\u0161eobecn\u00fdmi obchodn\u00edmi podm\u00ednkami p\u0159i odesl\u00e1n\u00edm objedn\u00e1vky vyjad\u0159uje souhlas a v\u00fdslovn\u011b \u017e\u00e1d\u00e1 poskytovatele slu\u017eeb o zapo\u010det\u00ed poskytov\u00e1n\u00ed slu\u017eeb ihned po uzav\u0159en\u00ed smlouvy, tj. z\u00e1kazn\u00edk v\u00fdslovn\u011b \u017e\u00e1d\u00e1 poskytovatele o zapo\u010det\u00ed s\u00a0poskytov\u00e1n\u00edm slu\u017eeb p\u0159ed uplynut\u00edm z\u00e1konn\u00e9 lh\u016fty pro odstoupen\u00ed spot\u0159ebitele od smlouvy v\u00a0d\u00e9lce 14 dn\u016f ode dne uzav\u0159en\u00ed smlouvy.<\/li><li>S\u00a0ohledem na charakter poskytovan\u00fdch slu\u017eeb, jako\u017e i na v\u00fd\u0161e uveden\u00e9 s\u00a0odkazem na ustanoven\u00ed \u00a7 1837 z\u00e1k. \u010d. 89\/2012 Sb., ob\u010dansk\u00fd z\u00e1kon\u00edk, nem\u00e1 z\u00e1kazn\u00edk pr\u00e1vo odstoupit od smlouvy v\u00a0p\u0159\u00edpad\u011b, kdy mu budou slu\u017eby poskytnuty (resp. nem\u00e1 pr\u00e1vo odstoupit od smlouvy v\u00a0rozsahu, v\u00a0jak\u00e9m ji\u017e byly slu\u017eby poskytnuty).<\/li><li>Slu\u017eby jsou poskytnut\u00e9 v\u00a0okam\u017eiku zp\u0159\u00edstupn\u011bn\u00ed tip\u016f, konzultac\u00ed, doporu\u010den\u00ed \u010di jin\u00fdch zakoupen\u00fdch informac\u00ed z\u00e1kazn\u00edkovi.<\/li><\/ol><\/li><li><strong>Pr\u00e1va z\u00a0vadn\u00e9ho pln\u011bn\u00ed<\/strong><ol><li>Z\u00e1kazn\u00edkovi n\u00e1le\u017e\u00ed dle ust. \u00a7 1914 a\u017e \u00a71925, \u00a7 2099 a\u017e \u00a7 2117 a \u00a7 2158 a\u017e \u00a72174 z\u00e1k. \u010d. 89\/2012 Sb., ob\u010dansk\u00fd z\u00e1kon\u00edk, pr\u00e1va z\u00a0vadn\u00e9ho pln\u011bn\u00ed.<\/li><li>Reklamace poskytnut\u00fdch slu\u017eeb m\u016f\u017ee z\u00e1kazn\u00edk uplatnit prost\u0159ednictv\u00edm e-mailov\u00e9 adresy <a href=\"mailto:info@elegancebet.cz\">info@elegancebet.cz<\/a>. Reklamace je poskytovatel slu\u017eeb povinen vy\u0159\u00eddit bez zbyte\u010dn\u00e9ho odkladu, nejpozd\u011bji v\u0161ak do 30 dn\u016f ode dne doru\u010den\u00ed reklamace se v\u0161emi z\u00e1konn\u00fdmi n\u00e1le\u017eitostmi.<\/li><li>Reklama\u010dn\u00edm d\u016fvodem, tj. vadn\u00fdm pln\u011bn\u00edm nen\u00ed ne\u00fasp\u011b\u0161n\u00e1 s\u00e1zka uskute\u010dn\u011bn\u00e1 na z\u00e1klad\u011b poskytnut\u00e9ho tipu, poradenstv\u00ed \u010di konzultace.<\/li><\/ol><\/li><li><strong>Odpov\u011bdnost EleganceBet<\/strong><ol><li>EleganceBet nenese odpov\u011bdnost za ztr\u00e1ty nebo \u0161kody vznikl\u00e9 v d\u016fsledku vyu\u017eit\u00ed poskytnut\u00fdch informac\u00ed.<\/li><li>Web obsahuje kompletn\u00ed seznam slu\u017eeb nab\u00edzen\u00fdch z\u00e1kazn\u00edkovi v\u010detn\u011b jejich popisu a cen.<\/li><\/ol><\/li><li><strong>Sezn\u00e1men\u00ed a souhlas z\u00e1kazn\u00edka s\u00a0obchodn\u00edmi podm\u00ednkami<\/strong><ol><li>P\u0159i registraci, jako\u017e i p\u0159i ka\u017ed\u00e9 objedn\u00e1vce z\u00e1kazn\u00edka na webov\u00fdch str\u00e1nk\u00e1ch poskytovatele slu\u017eeb je z\u00e1kazn\u00edk sezn\u00e1men s\u00a0t\u011bmito obchodn\u00edmi podm\u00ednkami, p\u0159i\u010dem\u017e dokon\u010den\u00edm registrace, jako\u017e i odesl\u00e1n\u00edm objedn\u00e1vky vyslovuje s\u00a0t\u011bmito obchodn\u00edmi podm\u00ednkami souhlas.<\/li><li>Obchodn\u00ed podm\u00ednky jsou ned\u00edlnou sou\u010d\u00e1st\u00ed ka\u017ed\u00e9 uzav\u0159en\u00e9 smlouvy.<\/li><\/ol><\/li><li><strong>Pr\u00e1vn\u00ed \u0159\u00e1d <\/strong><ol><li>Pr\u00e1va a povinnosti mezi poskytovatelem slu\u017eeb a z\u00e1kazn\u00edkem se \u0159\u00edd\u00ed pr\u00e1vn\u00edm \u0159\u00e1dem \u010cesk\u00e9 republiky, a to i v\u00a0p\u0159\u00edpad\u011b p\u0159\u00edtomnosti mezin\u00e1rodn\u00edho prvku.<\/li><\/ol><\/li><li><strong>Salv\u00e1torsk\u00e1 klauzule<\/strong><ol><li>Pokud kter\u00e9koli ustanoven\u00ed obchodn\u00edch podm\u00ednek, uzav\u0159en\u00e9 smlouvy \u010di jin\u00e9ho ujedn\u00e1n\u00ed mezi poskytovatelem slu\u017eeb a z\u00e1kazn\u00edkem je nebo se stane \u010di bude shled\u00e1no neplatn\u00fdm, nicotn\u00fdm nebo nevymahateln\u00fdm, neovlivn\u00ed to platnost a vymahatelnost zb\u00fdvaj\u00edc\u00edch ustanoven\u00ed obchodn\u00edch podm\u00ednek, uzav\u0159en\u00e9 smlouvy nebo jin\u00fdch ujedn\u00e1n\u00ed. Smluvn\u00ed strany jsou v\u00a0takov\u00fdch p\u0159\u00edpadech povinny nahradit neplatn\u00e9, nicotn\u00e9 \u010di nevymahateln\u00e9 ustanoven\u00ed ustanoven\u00edm platn\u00fdm a vymahateln\u00fdm, kter\u00e9 bude m\u00edt do nejvy\u0161\u0161\u00ed mo\u017en\u00e9 m\u00edry stejn\u00fd a pr\u00e1vn\u00edmi p\u0159edpisy p\u0159\u00edpustn\u00fd v\u00fdznam a \u00fa\u010dinek, jako byl z\u00e1m\u011br ustanoven\u00ed, je\u017e m\u00e1 b\u00fdt nahrazeno.<\/li><\/ol><\/li><li><strong>Prorogace<\/strong><ol><li>V\u0161echny spory vznikl\u00e9 ze smluv uzav\u00edran\u00fdch mezi poskytovatelem slu\u017eeb a z\u00e1kazn\u00edkem budou rozhodov\u00e1ny soudem \u010cesk\u00e9 republiky. M\u00edstn\u00ed p\u0159\u00edslu\u0161nost soudu bude ur\u010dena podle s\u00eddla poskytovatele slu\u017eeb.<\/li><\/ol><\/li><li><strong>\u00da\u010dinnost obchodn\u00edch podm\u00ednek<\/strong><ol><li>Tyto obchodn\u00ed podm\u00ednky jsou platn\u00e9 a \u00fa\u010dinn\u00e9 od 21.6.2024.<\/li><\/ol><\/li><\/ol><p>\u00a0<\/p><p><strong>Kontaktn\u00ed informace<\/strong><\/p><p>Kutaj Group s.r.o., Nov\u00e9 sady 988\/2, 602 00 Brno-st\u0159ed. Email: <a href=\"mailto:info@elegancebet.cz\">info@elegancebet.cz<\/a><\/p><p>Spisov\u00e1 zna\u010dka: C 139728 Veden\u00e1 u krajsk\u00e9ho soudu v Brn\u011b<\/p>\t\t\t\t\t\t\t\t<\/div>\n\t\t\t\t<\/div>\n\t\t\t\t<\/div>\n\t\t\t\t\t<\/div>\n\t\t\t\t<\/div>\n\t\t\t\t<\/div>","protected":false},"excerpt":{"rendered":"<p>Obchodn\u00ed podm\u00ednky Z\u00e1kladn\u00ed informace Provozovatel webu: Kutaj Group s.r.o., I\u010cO: 21670315, (d\u00e1le tak\u00e9 jako \u201eEleganceBet\u201c, \u201emy\u201c, \u201en\u00e1s\u201c, \u201ena\u0161e\u201c) provozuje internetov\u00e9 str\u00e1nky https:\/\/elegancebet.cz\/ (d\u00e1le jen \u201eweb\u201c) a poskytuje slu\u017eby popsan\u00e9 n\u00ed\u017ee. Poskytovatel slu\u017eeb: poskytovatel slu\u017eeb je spole\u010dnost Kutaj Group s.r.o., I\u010cO: 21670315 (d\u00e1le tak\u00e9 jako \u201eEleganceBet\u201c, \u201emy\u201c, \u201en\u00e1s\u201c, \u201ena\u0161e\u201c) . Z\u00e1kazn\u00edk: z\u00e1kazn\u00edkem je ka\u017ed\u00e1 osoba, kter\u00e1 [&hellip;]<\/p>\n","protected":false},"author":1,"featured_media":0,"parent":0,"menu_order":0,"comment_status":"closed","ping_status":"closed","template":"","meta":{"site-sidebar-layout":"no-sidebar","site-content-layout":"page-builder","ast-site-content-layout":"default","site-content-style":"default","site-sidebar-style":"default","ast-global-header-display":"","ast-banner-title-visibility":"","ast-main-header-display":"","ast-hfb-above-header-display":"","ast-hfb-below-header-display":"","ast-hfb-mobile-header-display":"","site-post-title":"disabled","ast-breadcrumbs-content":"","ast-featured-img":"disabled","footer-sml-layout":"","ast-disable-related-posts":"","theme-transparent-header-meta":"enabled","adv-header-id-meta":"","stick-header-meta":"","header-above-stick-meta":"","header-main-stick-meta":"","header-below-stick-meta":"","astra-migrate-meta-layouts":"default","ast-page-background-enabled":"default","ast-page-background-meta":{"desktop":{"background-color":"var(--ast-global-color-4)","background-image":"","background-repeat":"repeat","background-position":"center center","background-size":"auto","background-attachment":"scroll","background-type":"","background-media":"","overlay-type":"","overlay-color":"","overlay-opacity":"","overlay-gradient":""},"tablet":{"background-color":"","background-image":"","background-repeat":"repeat","background-position":"center center","background-size":"auto","background-attachment":"scroll","background-type":"","background-media":"","overlay-type":"","overlay-color":"","overlay-opacity":"","overlay-gradient":""},"mobile":{"background-color":"","background-image":"","background-repeat":"repeat","background-position":"center center","background-size":"auto","background-attachment":"scroll","background-type":"","background-media":"","overlay-type":"","overlay-color":"","overlay-opacity":"","overlay-gradient":""}},"ast-content-background-meta":{"desktop":{"background-color":"var(--ast-global-color-5)","background-image":"","background-repeat":"repeat","background-position":"center center","background-size":"auto","background-attachment":"scroll","background-type":"","background-media":"","overlay-type":"","overlay-color":"","overlay-opacity":"","overlay-gradient":""},"tablet":{"background-color":"var(--ast-global-color-5)","background-image":"","background-repeat":"repeat","background-position":"center center","background-size":"auto","background-attachment":"scroll","background-type":"","background-media":"","overlay-type":"","overlay-color":"","overlay-opacity":"","overlay-gradient":""},"mobile":{"background-color":"var(--ast-global-color-5)","background-image":"","background-repeat":"repeat","background-position":"center center","background-size":"auto","background-attachment":"scroll","background-type":"","background-media":"","overlay-type":"","overlay-color":"","overlay-opacity":"","overlay-gradient":""}},"footnotes":""},"class_list":["post-1694","page","type-page","status-publish","hentry"],"yoast_head":"<!-- This site is optimized with the Yoast SEO plugin v27.2 - https:\/\/yoast.com\/product\/yoast-seo-wordpress\/ -->\n<title>Obchodn\u00ed podm\u00ednky - EleganceBet<\/title>\n<meta name=\"robots\" content=\"index, follow, max-snippet:-1, max-image-preview:large, max-video-preview:-1\" \/>\n<link rel=\"canonical\" href=\"https:\/\/elegancebet.cz\/de\/bedingungen-und-konditionen\/\" \/>\n<meta property=\"og:locale\" content=\"de_DE\" \/>\n<meta property=\"og:type\" content=\"article\" \/>\n<meta property=\"og:title\" content=\"Obchodn\u00ed podm\u00ednky - EleganceBet\" \/>\n<meta property=\"og:description\" content=\"Obchodn\u00ed podm\u00ednky Z\u00e1kladn\u00ed informace Provozovatel webu: Kutaj Group s.r.o., I\u010cO: 21670315, (d\u00e1le tak\u00e9 jako \u201eEleganceBet\u201c, \u201emy\u201c, \u201en\u00e1s\u201c, \u201ena\u0161e\u201c) provozuje internetov\u00e9 str\u00e1nky https:\/\/elegancebet.cz\/ (d\u00e1le jen \u201eweb\u201c) a poskytuje slu\u017eby popsan\u00e9 n\u00ed\u017ee. Poskytovatel slu\u017eeb: poskytovatel slu\u017eeb je spole\u010dnost Kutaj Group s.r.o., I\u010cO: 21670315 (d\u00e1le tak\u00e9 jako \u201eEleganceBet\u201c, \u201emy\u201c, \u201en\u00e1s\u201c, \u201ena\u0161e\u201c) . Z\u00e1kazn\u00edk: z\u00e1kazn\u00edkem je ka\u017ed\u00e1 osoba, kter\u00e1 [&hellip;]\" \/>\n<meta property=\"og:url\" content=\"https:\/\/elegancebet.cz\/de\/bedingungen-und-konditionen\/\" \/>\n<meta property=\"og:site_name\" content=\"EleganceBet\" \/>\n<meta property=\"article:publisher\" content=\"https:\/\/www.facebook.com\/profile.php?id=61555850011343\" \/>\n<meta property=\"article:modified_time\" content=\"2024-07-02T13:47:25+00:00\" \/>\n<meta name=\"twitter:card\" content=\"summary_large_image\" \/>\n<meta name=\"twitter:label1\" content=\"Gesch\u00e4tzte Lesezeit\" \/>\n\t<meta name=\"twitter:data1\" content=\"6\u00a0Minuten\" \/>\n<script type=\"application\/ld+json\" class=\"yoast-schema-graph\">{\"@context\":\"https:\/\/schema.org\",\"@graph\":[{\"@type\":\"WebPage\",\"@id\":\"https:\/\/elegancebet.cz\/pl\/zasady-i-warunki\/\",\"url\":\"https:\/\/elegancebet.cz\/pl\/zasady-i-warunki\/\",\"name\":\"Obchodn\u00ed podm\u00ednky - EleganceBet\",\"isPartOf\":{\"@id\":\"https:\/\/elegancebet.cz\/pl\/#website\"},\"datePublished\":\"2024-04-12T18:39:52+00:00\",\"dateModified\":\"2024-07-02T13:47:25+00:00\",\"breadcrumb\":{\"@id\":\"https:\/\/elegancebet.cz\/pl\/zasady-i-warunki\/#breadcrumb\"},\"inLanguage\":\"de\",\"potentialAction\":[{\"@type\":\"ReadAction\",\"target\":[\"https:\/\/elegancebet.cz\/pl\/zasady-i-warunki\/\"]}]},{\"@type\":\"BreadcrumbList\",\"@id\":\"https:\/\/elegancebet.cz\/pl\/zasady-i-warunki\/#breadcrumb\",\"itemListElement\":[{\"@type\":\"ListItem\",\"position\":1,\"name\":\"Dom\u016f\",\"item\":\"https:\/\/elegancebet.cz\/\"},{\"@type\":\"ListItem\",\"position\":2,\"name\":\"Obchodn\u00ed podm\u00ednky\"}]},{\"@type\":\"WebSite\",\"@id\":\"https:\/\/elegancebet.cz\/pl\/#website\",\"url\":\"https:\/\/elegancebet.cz\/pl\/\",\"name\":\"EleganceBet\",\"description\":\"Hr\u00e1t. Prozkoumat. U\u010dit se.\",\"publisher\":{\"@id\":\"https:\/\/elegancebet.cz\/pl\/#organization\"},\"potentialAction\":[{\"@type\":\"SearchAction\",\"target\":{\"@type\":\"EntryPoint\",\"urlTemplate\":\"https:\/\/elegancebet.cz\/pl\/?s={search_term_string}\"},\"query-input\":{\"@type\":\"PropertyValueSpecification\",\"valueRequired\":true,\"valueName\":\"search_term_string\"}}],\"inLanguage\":\"de\"},{\"@type\":\"Organization\",\"@id\":\"https:\/\/elegancebet.cz\/pl\/#organization\",\"name\":\"EleganceBet\",\"url\":\"https:\/\/elegancebet.cz\/pl\/\",\"logo\":{\"@type\":\"ImageObject\",\"inLanguage\":\"de\",\"@id\":\"https:\/\/elegancebet.cz\/pl\/#\/schema\/logo\/image\/\",\"url\":\"https:\/\/elegancebet.cz\/wp-content\/uploads\/2025\/01\/Logo_Final.jpg\",\"contentUrl\":\"https:\/\/elegancebet.cz\/wp-content\/uploads\/2025\/01\/Logo_Final.jpg\",\"width\":1265,\"height\":1280,\"caption\":\"EleganceBet\"},\"image\":{\"@id\":\"https:\/\/elegancebet.cz\/pl\/#\/schema\/logo\/image\/\"},\"sameAs\":[\"https:\/\/www.facebook.com\/profile.php?id=61555850011343\",\"https:\/\/www.instagram.com\/elegancebet_official\/\"]}]}<\/script>\n<!-- \/ Yoast SEO plugin. -->","yoast_head_json":{"title":"Bedingungen und Konditionen - EleganceBet","robots":{"index":"index","follow":"follow","max-snippet":"max-snippet:-1","max-image-preview":"max-image-preview:large","max-video-preview":"max-video-preview:-1"},"canonical":"https:\/\/elegancebet.cz\/de\/bedingungen-und-konditionen\/","og_locale":"de_DE","og_type":"article","og_title":"Obchodn\u00ed podm\u00ednky - EleganceBet","og_description":"Obchodn\u00ed podm\u00ednky Z\u00e1kladn\u00ed informace Provozovatel webu: Kutaj Group s.r.o., I\u010cO: 21670315, (d\u00e1le tak\u00e9 jako \u201eEleganceBet\u201c, \u201emy\u201c, \u201en\u00e1s\u201c, \u201ena\u0161e\u201c) provozuje internetov\u00e9 str\u00e1nky https:\/\/elegancebet.cz\/ (d\u00e1le jen \u201eweb\u201c) a poskytuje slu\u017eby popsan\u00e9 n\u00ed\u017ee. Poskytovatel slu\u017eeb: poskytovatel slu\u017eeb je spole\u010dnost Kutaj Group s.r.o., I\u010cO: 21670315 (d\u00e1le tak\u00e9 jako \u201eEleganceBet\u201c, \u201emy\u201c, \u201en\u00e1s\u201c, \u201ena\u0161e\u201c) . Z\u00e1kazn\u00edk: z\u00e1kazn\u00edkem je ka\u017ed\u00e1 osoba, kter\u00e1 [&hellip;]","og_url":"https:\/\/elegancebet.cz\/de\/bedingungen-und-konditionen\/","og_site_name":"EleganceBet","article_publisher":"https:\/\/www.facebook.com\/profile.php?id=61555850011343","article_modified_time":"2024-07-02T13:47:25+00:00","twitter_card":"summary_large_image","twitter_misc":{"Gesch\u00e4tzte Lesezeit":"6\u00a0Minuten"},"schema":{"@context":"https:\/\/schema.org","@graph":[{"@type":"WebPage","@id":"https:\/\/elegancebet.cz\/pl\/zasady-i-warunki\/","url":"https:\/\/elegancebet.cz\/pl\/zasady-i-warunki\/","name":"Bedingungen und Konditionen - EleganceBet","isPartOf":{"@id":"https:\/\/elegancebet.cz\/pl\/#website"},"datePublished":"2024-04-12T18:39:52+00:00","dateModified":"2024-07-02T13:47:25+00:00","breadcrumb":{"@id":"https:\/\/elegancebet.cz\/pl\/zasady-i-warunki\/#breadcrumb"},"inLanguage":"de","potentialAction":[{"@type":"ReadAction","target":["https:\/\/elegancebet.cz\/pl\/zasady-i-warunki\/"]}]},{"@type":"BreadcrumbList","@id":"https:\/\/elegancebet.cz\/pl\/zasady-i-warunki\/#breadcrumb","itemListElement":[{"@type":"ListItem","position":1,"name":"Dom\u016f","item":"https:\/\/elegancebet.cz\/"},{"@type":"ListItem","position":2,"name":"Obchodn\u00ed podm\u00ednky"}]},{"@type":"WebSite","@id":"https:\/\/elegancebet.cz\/pl\/#website","url":"https:\/\/elegancebet.cz\/pl\/","name":"EleganceBet","description":"Spielen. Erforschen. Lernen.","publisher":{"@id":"https:\/\/elegancebet.cz\/pl\/#organization"},"potentialAction":[{"@type":"SearchAction","target":{"@type":"EntryPoint","urlTemplate":"https:\/\/elegancebet.cz\/pl\/?s={search_term_string}"},"query-input":{"@type":"PropertyValueSpecification","valueRequired":true,"valueName":"search_term_string"}}],"inLanguage":"de"},{"@type":"Organization","@id":"https:\/\/elegancebet.cz\/pl\/#organization","name":"EleganceBet","url":"https:\/\/elegancebet.cz\/pl\/","logo":{"@type":"ImageObject","inLanguage":"de","@id":"https:\/\/elegancebet.cz\/pl\/#\/schema\/logo\/image\/","url":"https:\/\/elegancebet.cz\/wp-content\/uploads\/2025\/01\/Logo_Final.jpg","contentUrl":"https:\/\/elegancebet.cz\/wp-content\/uploads\/2025\/01\/Logo_Final.jpg","width":1265,"height":1280,"caption":"EleganceBet"},"image":{"@id":"https:\/\/elegancebet.cz\/pl\/#\/schema\/logo\/image\/"},"sameAs":["https:\/\/www.facebook.com\/profile.php?id=61555850011343","https:\/\/www.instagram.com\/elegancebet_official\/"]}]}},"jetpack_sharing_enabled":true,"_links":{"self":[{"href":"https:\/\/elegancebet.cz\/de\/wp-json\/wp\/v2\/pages\/1694","targetHints":{"allow":["GET"]}}],"collection":[{"href":"https:\/\/elegancebet.cz\/de\/wp-json\/wp\/v2\/pages"}],"about":[{"href":"https:\/\/elegancebet.cz\/de\/wp-json\/wp\/v2\/types\/page"}],"author":[{"embeddable":true,"href":"https:\/\/elegancebet.cz\/de\/wp-json\/wp\/v2\/users\/1"}],"replies":[{"embeddable":true,"href":"https:\/\/elegancebet.cz\/de\/wp-json\/wp\/v2\/comments?post=1694"}],"version-history":[{"count":13,"href":"https:\/\/elegancebet.cz\/de\/wp-json\/wp\/v2\/pages\/1694\/revisions"}],"predecessor-version":[{"id":2232,"href":"https:\/\/elegancebet.cz\/de\/wp-json\/wp\/v2\/pages\/1694\/revisions\/2232"}],"wp:attachment":[{"href":"https:\/\/elegancebet.cz\/de\/wp-json\/wp\/v2\/media?parent=1694"}],"curies":[{"name":"wp","href":"https:\/\/api.w.org\/{rel}","templated":true}]}}