{"id":6204,"date":"2025-10-28T08:38:25","date_gmt":"2025-10-28T07:38:25","guid":{"rendered":"https:\/\/elegancebet.cz\/?post_type=product&#038;p=6204"},"modified":"2026-04-09T03:05:04","modified_gmt":"2026-04-09T01:05:04","slug":"jednorazovy-tiket-fotbal-fun","status":"publish","type":"product","link":"https:\/\/elegancebet.cz\/de\/product\/jednorazovy-tiket-fotbal-fun\/","title":{"rendered":"Jednor\u00e1zov\u00fd tiket &#8211; Fotbal FUN"},"content":{"rendered":"","protected":false},"excerpt":{"rendered":"<ul>\n<li data-start=\"515\" data-end=\"561\">\n<p data-start=\"517\" data-end=\"561\">\ud83c\udfaf <strong data-start=\"520\" data-end=\"559\">Vy\u0161\u0161\u00ed riziko, vy\u0161\u0161\u00ed potenci\u00e1l v\u00fdhry<\/strong><\/p>\n<\/li>\n<li data-start=\"515\" data-end=\"561\">\n<p data-start=\"517\" data-end=\"561\">\ud83d\udca5 Kurz v rozmez\u00ed <strong data-start=\"582\" data-end=\"592\">5 \u2013 25<\/strong><\/p>\n<\/li>\n<li data-start=\"595\" data-end=\"632\">\n<p data-start=\"597\" data-end=\"632\">\ud83d\udcb0 <strong data-start=\"600\" data-end=\"630\">Doporu\u010den\u00fd vklad: 1 000 K\u010d<\/strong><\/p>\n<\/li>\n<li data-start=\"633\" data-end=\"668\">\n<p data-start=\"635\" data-end=\"668\">\u26bd Tiket pln\u00fd emoc\u00ed a adrenalinu<\/p>\n<\/li>\n<li data-start=\"669\" data-end=\"730\">\n<p data-start=\"671\" data-end=\"730\">\ud83d\udd52 Ide\u00e1ln\u00ed pro hr\u00e1\u010de, kte\u0159\u00ed cht\u011bj\u00ed <strong data-start=\"706\" data-end=\"730\">zkusit \u0161t\u011bst\u00ed naplno<\/strong><\/p>\n<\/li>\n<\/ul>","protected":false},"featured_media":6162,"template":"","meta":{"site-sidebar-layout":"default","site-content-layout":"","ast-site-content-layout":"default","site-content-style":"default","site-sidebar-style":"default","ast-global-header-display":"","ast-banner-title-visibility":"","ast-main-header-display":"","ast-hfb-above-header-display":"","ast-hfb-below-header-display":"","ast-hfb-mobile-header-display":"","site-post-title":"","ast-breadcrumbs-content":"","ast-featured-img":"","footer-sml-layout":"","ast-disable-related-posts":"","theme-transparent-header-meta":"default","adv-header-id-meta":"","stick-header-meta":"","header-above-stick-meta":"","header-main-stick-meta":"","header-below-stick-meta":"","astra-migrate-meta-layouts":"set","ast-page-background-enabled":"default","ast-page-background-meta":{"desktop":{"background-color":"var(--ast-global-color-4)","background-image":"","background-repeat":"repeat","background-position":"center center","background-size":"auto","background-attachment":"scroll","background-type":"","background-media":"","overlay-type":"","overlay-color":"","overlay-opacity":"","overlay-gradient":""},"tablet":{"background-color":"","background-image":"","background-repeat":"repeat","background-position":"center center","background-size":"auto","background-attachment":"scroll","background-type":"","background-media":"","overlay-type":"","overlay-color":"","overlay-opacity":"","overlay-gradient":""},"mobile":{"background-color":"","background-image":"","background-repeat":"repeat","background-position":"center center","background-size":"auto","background-attachment":"scroll","background-type":"","background-media":"","overlay-type":"","overlay-color":"","overlay-opacity":"","overlay-gradient":""}},"ast-content-background-meta":{"desktop":{"background-color":"var(--ast-global-color-5)","background-image":"","background-repeat":"repeat","background-position":"center center","background-size":"auto","background-attachment":"scroll","background-type":"","background-media":"","overlay-type":"","overlay-color":"","overlay-opacity":"","overlay-gradient":""},"tablet":{"background-color":"var(--ast-global-color-5)","background-image":"","background-repeat":"repeat","background-position":"center center","background-size":"auto","background-attachment":"scroll","background-type":"","background-media":"","overlay-type":"","overlay-color":"","overlay-opacity":"","overlay-gradient":""},"mobile":{"background-color":"var(--ast-global-color-5)","background-image":"","background-repeat":"repeat","background-position":"center center","background-size":"auto","background-attachment":"scroll","background-type":"","background-media":"","overlay-type":"","overlay-color":"","overlay-opacity":"","overlay-gradient":""}}},"product_brand":[],"product_cat":[29],"product_tag":[],"class_list":{"0":"post-6204","1":"product","2":"type-product","3":"status-publish","4":"has-post-thumbnail","6":"product_cat-jednorazove-tikety","7":"desktop-align-left","8":"tablet-align-left","9":"mobile-align-left","11":"first","12":"instock","13":"downloadable","14":"virtual","15":"purchasable","16":"product-type-simple"},"yoast_head":"<!-- This site is optimized with the Yoast SEO plugin v27.2 - https:\/\/yoast.com\/product\/yoast-seo-wordpress\/ -->\n<title>Jednor\u00e1zov\u00fd tiket - Fotbal FUN - EleganceBet<\/title>\n<meta name=\"description\" content=\"Z\u00edskejte \u0161anci vyhr\u00e1t velk\u00e9 v\u00fdhry s jednor\u00e1zov\u00fdm tiketem na Euro 2024! Vsa\u010fte na sv\u016fj obl\u00edben\u00fd t\u00fdm a za\u017eijte vzru\u0161en\u00ed z fotbalov\u00e9ho \u0161ampion\u00e1tu.\" \/>\n<meta name=\"robots\" content=\"index, follow, max-snippet:-1, max-image-preview:large, max-video-preview:-1\" \/>\n<link rel=\"canonical\" href=\"http:\/\/elegancebet.cz\/de\/product\/jednorazovy-tiket-fotbal-fun\/\" \/>\n<meta property=\"og:locale\" content=\"de_DE\" \/>\n<meta property=\"og:type\" content=\"article\" \/>\n<meta property=\"og:title\" content=\"Jednor\u00e1zov\u00fd tiket - Fotbal FUN - EleganceBet\" \/>\n<meta property=\"og:description\" content=\"Z\u00edskejte \u0161anci vyhr\u00e1t velk\u00e9 v\u00fdhry s jednor\u00e1zov\u00fdm tiketem na Euro 2024! Vsa\u010fte na sv\u016fj obl\u00edben\u00fd t\u00fdm a za\u017eijte vzru\u0161en\u00ed z fotbalov\u00e9ho \u0161ampion\u00e1tu.\" \/>\n<meta property=\"og:url\" content=\"http:\/\/elegancebet.cz\/de\/product\/jednorazovy-tiket-fotbal-fun\/\" \/>\n<meta property=\"og:site_name\" content=\"EleganceBet\" \/>\n<meta property=\"article:publisher\" content=\"https:\/\/www.facebook.com\/profile.php?id=61555850011343\" \/>\n<meta property=\"article:modified_time\" content=\"2026-04-09T01:05:04+00:00\" \/>\n<meta property=\"og:image\" content=\"http:\/\/elegancebet.cz\/wp-content\/uploads\/2024\/07\/Witch-web.jpg\" \/>\n\t<meta property=\"og:image:width\" content=\"1200\" \/>\n\t<meta property=\"og:image:height\" content=\"1200\" \/>\n\t<meta property=\"og:image:type\" content=\"image\/jpeg\" \/>\n<meta name=\"twitter:card\" content=\"summary_large_image\" \/>\n<meta name=\"twitter:label1\" content=\"Gesch\u00e4tzte Lesezeit\" \/>\n\t<meta name=\"twitter:data1\" content=\"1\u00a0Minute\" \/>\n<script type=\"application\/ld+json\" class=\"yoast-schema-graph\">{\"@context\":\"https:\/\/schema.org\",\"@graph\":[{\"@type\":\"WebPage\",\"@id\":\"http:\/\/elegancebet.cz\/produkt\/jednorazovy-tiket-fotbal-fun\/\",\"url\":\"http:\/\/elegancebet.cz\/produkt\/jednorazovy-tiket-fotbal-fun\/\",\"name\":\"Jednor\u00e1zov\u00fd tiket - Fotbal FUN - EleganceBet\",\"isPartOf\":{\"@id\":\"https:\/\/elegancebet.cz\/#website\"},\"primaryImageOfPage\":{\"@id\":\"http:\/\/elegancebet.cz\/produkt\/jednorazovy-tiket-fotbal-fun\/#primaryimage\"},\"image\":{\"@id\":\"http:\/\/elegancebet.cz\/produkt\/jednorazovy-tiket-fotbal-fun\/#primaryimage\"},\"thumbnailUrl\":\"https:\/\/elegancebet.cz\/wp-content\/uploads\/2024\/07\/Witch-web.jpg\",\"datePublished\":\"2025-10-28T07:38:25+00:00\",\"dateModified\":\"2026-04-09T01:05:04+00:00\",\"description\":\"Z\u00edskejte \u0161anci vyhr\u00e1t velk\u00e9 v\u00fdhry s jednor\u00e1zov\u00fdm tiketem na Euro 2024! Vsa\u010fte na sv\u016fj obl\u00edben\u00fd t\u00fdm a za\u017eijte vzru\u0161en\u00ed z fotbalov\u00e9ho \u0161ampion\u00e1tu.\",\"breadcrumb\":{\"@id\":\"http:\/\/elegancebet.cz\/produkt\/jednorazovy-tiket-fotbal-fun\/#breadcrumb\"},\"inLanguage\":\"de\",\"potentialAction\":[{\"@type\":\"ReadAction\",\"target\":[\"http:\/\/elegancebet.cz\/produkt\/jednorazovy-tiket-fotbal-fun\/\"]}]},{\"@type\":\"ImageObject\",\"inLanguage\":\"de\",\"@id\":\"http:\/\/elegancebet.cz\/produkt\/jednorazovy-tiket-fotbal-fun\/#primaryimage\",\"url\":\"https:\/\/elegancebet.cz\/wp-content\/uploads\/2024\/07\/Witch-web.jpg\",\"contentUrl\":\"https:\/\/elegancebet.cz\/wp-content\/uploads\/2024\/07\/Witch-web.jpg\",\"width\":1200,\"height\":1200},{\"@type\":\"BreadcrumbList\",\"@id\":\"http:\/\/elegancebet.cz\/produkt\/jednorazovy-tiket-fotbal-fun\/#breadcrumb\",\"itemListElement\":[{\"@type\":\"ListItem\",\"position\":1,\"name\":\"Dom\u016f\",\"item\":\"https:\/\/elegancebet.cz\/\"},{\"@type\":\"ListItem\",\"position\":2,\"name\":\"Obchod\",\"item\":\"https:\/\/elegancebet.cz\/de\/shop\/\"},{\"@type\":\"ListItem\",\"position\":3,\"name\":\"Jednor\u00e1zov\u00fd tiket &#8211; Fotbal FUN\"}]},{\"@type\":\"WebSite\",\"@id\":\"https:\/\/elegancebet.cz\/#website\",\"url\":\"https:\/\/elegancebet.cz\/\",\"name\":\"EleganceBet\",\"description\":\"Hr\u00e1t. Prozkoumat. U\u010dit se.\",\"publisher\":{\"@id\":\"https:\/\/elegancebet.cz\/#organization\"},\"potentialAction\":[{\"@type\":\"SearchAction\",\"target\":{\"@type\":\"EntryPoint\",\"urlTemplate\":\"https:\/\/elegancebet.cz\/?s={search_term_string}\"},\"query-input\":{\"@type\":\"PropertyValueSpecification\",\"valueRequired\":true,\"valueName\":\"search_term_string\"}}],\"inLanguage\":\"de\"},{\"@type\":\"Organization\",\"@id\":\"https:\/\/elegancebet.cz\/#organization\",\"name\":\"EleganceBet\",\"url\":\"https:\/\/elegancebet.cz\/\",\"logo\":{\"@type\":\"ImageObject\",\"inLanguage\":\"de\",\"@id\":\"https:\/\/elegancebet.cz\/#\/schema\/logo\/image\/\",\"url\":\"https:\/\/elegancebet.cz\/wp-content\/uploads\/2025\/01\/Logo_Final.jpg\",\"contentUrl\":\"https:\/\/elegancebet.cz\/wp-content\/uploads\/2025\/01\/Logo_Final.jpg\",\"width\":1265,\"height\":1280,\"caption\":\"EleganceBet\"},\"image\":{\"@id\":\"https:\/\/elegancebet.cz\/#\/schema\/logo\/image\/\"},\"sameAs\":[\"https:\/\/www.facebook.com\/profile.php?id=61555850011343\",\"https:\/\/www.instagram.com\/elegancebet_official\/\"]}]}<\/script>\n<!-- \/ Yoast SEO plugin. -->","yoast_head_json":{"title":"Jednor\u00e1zov\u00fd tiket - Fotbal FUN - EleganceBet","description":"Holen Sie sich die Chance auf einen gro\u00dfen Gewinn mit einem Einzelticket f\u00fcr die Euro 2024! Setzen Sie auf Ihre Lieblingsmannschaft und erleben Sie die Spannung der Fu\u00dfballmeisterschaft.","robots":{"index":"index","follow":"follow","max-snippet":"max-snippet:-1","max-image-preview":"max-image-preview:large","max-video-preview":"max-video-preview:-1"},"canonical":"http:\/\/elegancebet.cz\/de\/product\/jednorazovy-tiket-fotbal-fun\/","og_locale":"de_DE","og_type":"article","og_title":"Jednor\u00e1zov\u00fd tiket - Fotbal FUN - EleganceBet","og_description":"Z\u00edskejte \u0161anci vyhr\u00e1t velk\u00e9 v\u00fdhry s jednor\u00e1zov\u00fdm tiketem na Euro 2024! Vsa\u010fte na sv\u016fj obl\u00edben\u00fd t\u00fdm a za\u017eijte vzru\u0161en\u00ed z fotbalov\u00e9ho \u0161ampion\u00e1tu.","og_url":"http:\/\/elegancebet.cz\/de\/product\/jednorazovy-tiket-fotbal-fun\/","og_site_name":"EleganceBet","article_publisher":"https:\/\/www.facebook.com\/profile.php?id=61555850011343","article_modified_time":"2026-04-09T01:05:04+00:00","og_image":[{"width":1200,"height":1200,"url":"http:\/\/elegancebet.cz\/wp-content\/uploads\/2024\/07\/Witch-web.jpg","type":"image\/jpeg"}],"twitter_card":"summary_large_image","twitter_misc":{"Gesch\u00e4tzte Lesezeit":"1\u00a0Minute"},"schema":{"@context":"https:\/\/schema.org","@graph":[{"@type":"WebPage","@id":"http:\/\/elegancebet.cz\/produkt\/jednorazovy-tiket-fotbal-fun\/","url":"http:\/\/elegancebet.cz\/produkt\/jednorazovy-tiket-fotbal-fun\/","name":"Jednor\u00e1zov\u00fd tiket - Fotbal FUN - EleganceBet","isPartOf":{"@id":"https:\/\/elegancebet.cz\/#website"},"primaryImageOfPage":{"@id":"http:\/\/elegancebet.cz\/produkt\/jednorazovy-tiket-fotbal-fun\/#primaryimage"},"image":{"@id":"http:\/\/elegancebet.cz\/produkt\/jednorazovy-tiket-fotbal-fun\/#primaryimage"},"thumbnailUrl":"https:\/\/elegancebet.cz\/wp-content\/uploads\/2024\/07\/Witch-web.jpg","datePublished":"2025-10-28T07:38:25+00:00","dateModified":"2026-04-09T01:05:04+00:00","description":"Holen Sie sich die Chance auf einen gro\u00dfen Gewinn mit einem Einzelticket f\u00fcr die Euro 2024! Setzen Sie auf Ihre Lieblingsmannschaft und erleben Sie die Spannung der Fu\u00dfballmeisterschaft.","breadcrumb":{"@id":"http:\/\/elegancebet.cz\/produkt\/jednorazovy-tiket-fotbal-fun\/#breadcrumb"},"inLanguage":"de","potentialAction":[{"@type":"ReadAction","target":["http:\/\/elegancebet.cz\/produkt\/jednorazovy-tiket-fotbal-fun\/"]}]},{"@type":"ImageObject","inLanguage":"de","@id":"http:\/\/elegancebet.cz\/produkt\/jednorazovy-tiket-fotbal-fun\/#primaryimage","url":"https:\/\/elegancebet.cz\/wp-content\/uploads\/2024\/07\/Witch-web.jpg","contentUrl":"https:\/\/elegancebet.cz\/wp-content\/uploads\/2024\/07\/Witch-web.jpg","width":1200,"height":1200},{"@type":"BreadcrumbList","@id":"http:\/\/elegancebet.cz\/produkt\/jednorazovy-tiket-fotbal-fun\/#breadcrumb","itemListElement":[{"@type":"ListItem","position":1,"name":"Dom\u016f","item":"https:\/\/elegancebet.cz\/"},{"@type":"ListItem","position":2,"name":"Obchod","item":"https:\/\/elegancebet.cz\/de\/shop\/"},{"@type":"ListItem","position":3,"name":"Jednor\u00e1zov\u00fd tiket &#8211; Fotbal FUN"}]},{"@type":"WebSite","@id":"https:\/\/elegancebet.cz\/#website","url":"https:\/\/elegancebet.cz\/","name":"EleganceBet","description":"Spielen. Erforschen. Lernen.","publisher":{"@id":"https:\/\/elegancebet.cz\/#organization"},"potentialAction":[{"@type":"SearchAction","target":{"@type":"EntryPoint","urlTemplate":"https:\/\/elegancebet.cz\/?s={search_term_string}"},"query-input":{"@type":"PropertyValueSpecification","valueRequired":true,"valueName":"search_term_string"}}],"inLanguage":"de"},{"@type":"Organization","@id":"https:\/\/elegancebet.cz\/#organization","name":"EleganceBet","url":"https:\/\/elegancebet.cz\/","logo":{"@type":"ImageObject","inLanguage":"de","@id":"https:\/\/elegancebet.cz\/#\/schema\/logo\/image\/","url":"https:\/\/elegancebet.cz\/wp-content\/uploads\/2025\/01\/Logo_Final.jpg","contentUrl":"https:\/\/elegancebet.cz\/wp-content\/uploads\/2025\/01\/Logo_Final.jpg","width":1265,"height":1280,"caption":"EleganceBet"},"image":{"@id":"https:\/\/elegancebet.cz\/#\/schema\/logo\/image\/"},"sameAs":["https:\/\/www.facebook.com\/profile.php?id=61555850011343","https:\/\/www.instagram.com\/elegancebet_official\/"]}]}},"jetpack_sharing_enabled":true,"_links":{"self":[{"href":"https:\/\/elegancebet.cz\/de\/wp-json\/wp\/v2\/product\/6204","targetHints":{"allow":["GET"]}}],"collection":[{"href":"https:\/\/elegancebet.cz\/de\/wp-json\/wp\/v2\/product"}],"about":[{"href":"https:\/\/elegancebet.cz\/de\/wp-json\/wp\/v2\/types\/product"}],"wp:featuredmedia":[{"embeddable":true,"href":"https:\/\/elegancebet.cz\/de\/wp-json\/wp\/v2\/media\/6162"}],"wp:attachment":[{"href":"https:\/\/elegancebet.cz\/de\/wp-json\/wp\/v2\/media?parent=6204"}],"wp:term":[{"taxonomy":"product_brand","embeddable":true,"href":"https:\/\/elegancebet.cz\/de\/wp-json\/wp\/v2\/product_brand?post=6204"},{"taxonomy":"product_cat","embeddable":true,"href":"https:\/\/elegancebet.cz\/de\/wp-json\/wp\/v2\/product_cat?post=6204"},{"taxonomy":"product_tag","embeddable":true,"href":"https:\/\/elegancebet.cz\/de\/wp-json\/wp\/v2\/product_tag?post=6204"}],"curies":[{"name":"wp","href":"https:\/\/api.w.org\/{rel}","templated":true}]}}