{"id":1059,"date":"2022-03-05T02:16:38","date_gmt":"2022-03-05T02:16:38","guid":{"rendered":"https:\/\/elegancebet.cz\/contact\/"},"modified":"2024-07-21T10:10:50","modified_gmt":"2024-07-21T08:10:50","slug":"contact","status":"publish","type":"page","link":"https:\/\/elegancebet.cz\/en\/contact\/","title":{"rendered":"Contact"},"content":{"rendered":"\t\t<div data-elementor-type=\"wp-page\" data-elementor-id=\"1059\" class=\"elementor elementor-1059\" data-elementor-post-type=\"page\">\n\t\t\t\t<div class=\"elementor-element elementor-element-c6c17a7 e-flex e-con-boxed e-con e-parent\" data-id=\"c6c17a7\" data-element_type=\"container\" data-e-type=\"container\" data-settings=\"{&quot;background_background&quot;:&quot;classic&quot;}\">\n\t\t\t\t\t<div class=\"e-con-inner\">\n\t\t<div class=\"elementor-element elementor-element-fb1d57f e-con-full e-flex e-con e-child\" data-id=\"fb1d57f\" data-element_type=\"container\" data-e-type=\"container\">\n\t\t<div class=\"elementor-element elementor-element-14f9da5 e-con-full e-flex e-con e-child\" data-id=\"14f9da5\" data-element_type=\"container\" data-e-type=\"container\">\n\t\t<div class=\"elementor-element elementor-element-005c7dd e-con-full e-flex e-con e-child\" data-id=\"005c7dd\" data-element_type=\"container\" data-e-type=\"container\">\n\t\t\t\t<div class=\"elementor-element elementor-element-9da6bb1 elementor-widget elementor-widget-heading\" data-id=\"9da6bb1\" data-element_type=\"widget\" data-e-type=\"widget\" data-widget_type=\"heading.default\">\n\t\t\t\t<div class=\"elementor-widget-container\">\n\t\t\t\t\t<h6 class=\"elementor-heading-title elementor-size-default\">Kontakt<\/h6>\t\t\t\t<\/div>\n\t\t\t\t<\/div>\n\t\t\t\t<div class=\"elementor-element elementor-element-6a23cbe elementor-widget elementor-widget-heading\" data-id=\"6a23cbe\" data-element_type=\"widget\" data-e-type=\"widget\" data-widget_type=\"heading.default\">\n\t\t\t\t<div class=\"elementor-widget-container\">\n\t\t\t\t\t<h1 class=\"elementor-heading-title elementor-size-default\">M\u00e1te dotazy ohledn\u011b na\u0161ich bal\u00ed\u010dk\u016f?<\/h1>\t\t\t\t<\/div>\n\t\t\t\t<\/div>\n\t\t\t\t<div class=\"elementor-element elementor-element-f6112e0 elementor-widget elementor-widget-text-editor\" data-id=\"f6112e0\" data-element_type=\"widget\" data-e-type=\"widget\" data-widget_type=\"text-editor.default\">\n\t\t\t\t<div class=\"elementor-widget-container\">\n\t\t\t\t\t\t\t\t\t<p>Nev\u00e1hejte n\u00e1s kontaktovat, pokud m\u00e1te dotazy ohledn\u011b na\u0161ich s\u00e1zkov\u00fdch bal\u00ed\u010dk\u016f. Jsme tu pro v\u00e1s a r\u00e1di v\u00e1m poskytneme ve\u0161ker\u00e9 pot\u0159ebn\u00e9 informace a podporu. Bu\u010fte v klidu a pi\u0161te n\u00e1m!<\/p>\t\t\t\t\t\t\t\t<\/div>\n\t\t\t\t<\/div>\n\t\t\t\t<\/div>\n\t\t\t\t<\/div>\n\t\t<div class=\"elementor-element elementor-element-fe751ac e-flex e-con-boxed e-con e-child\" data-id=\"fe751ac\" data-element_type=\"container\" data-e-type=\"container\">\n\t\t\t\t\t<div class=\"e-con-inner\">\n\t\t<div class=\"elementor-element elementor-element-9056753 e-con-full e-flex e-con e-child\" data-id=\"9056753\" data-element_type=\"container\" data-e-type=\"container\">\n\t\t\t\t<div class=\"elementor-element elementor-element-0c8fd2c elementor-vertical-align-top elementor-widget elementor-widget-image-box\" data-id=\"0c8fd2c\" data-element_type=\"widget\" data-e-type=\"widget\" data-widget_type=\"image-box.default\">\n\t\t\t\t<div class=\"elementor-widget-container\">\n\t\t\t\t\t<div class=\"elementor-image-box-wrapper\"><div class=\"elementor-image-box-content\"><h4 class=\"elementor-image-box-title\">Kutaj Group s.r.o.<\/h4><\/div><\/div>\t\t\t\t<\/div>\n\t\t\t\t<\/div>\n\t\t\t\t<div class=\"elementor-element elementor-element-d062c0e elementor-widget elementor-widget-heading\" data-id=\"d062c0e\" data-element_type=\"widget\" data-e-type=\"widget\" data-widget_type=\"heading.default\">\n\t\t\t\t<div class=\"elementor-widget-container\">\n\t\t\t\t\t<h6 class=\"elementor-heading-title elementor-size-default\">Nov\u00e9 sady 988\/2, Star\u00e9 Brno, 602 00 Brno <br>\nI\u010cO: 21670315 <br>\nSpisov\u00e1 zna\u010dka:\tC 139728 veden\u00e1 u Krajsk\u00e9ho soudu v Brn\u011b<\/h6>\t\t\t\t<\/div>\n\t\t\t\t<\/div>\n\t\t\t\t<div class=\"elementor-element elementor-element-b2ac4a4 elementor-widget-divider--view-line elementor-widget elementor-widget-divider\" data-id=\"b2ac4a4\" data-element_type=\"widget\" data-e-type=\"widget\" data-widget_type=\"divider.default\">\n\t\t\t\t<div class=\"elementor-widget-container\">\n\t\t\t\t\t\t\t<div class=\"elementor-divider\">\n\t\t\t<span class=\"elementor-divider-separator\">\n\t\t\t\t\t\t<\/span>\n\t\t<\/div>\n\t\t\t\t\t\t<\/div>\n\t\t\t\t<\/div>\n\t\t\t\t<div class=\"elementor-element elementor-element-df8b3a8 elementor-align-center elementor-widget elementor-widget-button\" data-id=\"df8b3a8\" data-element_type=\"widget\" data-e-type=\"widget\" data-widget_type=\"button.default\">\n\t\t\t\t<div class=\"elementor-widget-container\">\n\t\t\t\t\t\t\t\t\t<div class=\"elementor-button-wrapper\">\n\t\t\t\t\t<a class=\"elementor-button elementor-button-link elementor-size-sm\" href=\"mailto:info@elegancebet.cz\">\n\t\t\t\t\t\t<span class=\"elementor-button-content-wrapper\">\n\t\t\t\t\t\t\t\t\t<span class=\"elementor-button-text\">info@elegancebet.cz<\/span>\n\t\t\t\t\t<\/span>\n\t\t\t\t\t<\/a>\n\t\t\t\t<\/div>\n\t\t\t\t\t\t\t\t<\/div>\n\t\t\t\t<\/div>\n\t\t\t\t<div class=\"elementor-element elementor-element-c7b3422 elementor-widget-divider--view-line elementor-widget elementor-widget-divider\" data-id=\"c7b3422\" data-element_type=\"widget\" data-e-type=\"widget\" data-widget_type=\"divider.default\">\n\t\t\t\t<div class=\"elementor-widget-container\">\n\t\t\t\t\t\t\t<div class=\"elementor-divider\">\n\t\t\t<span class=\"elementor-divider-separator\">\n\t\t\t\t\t\t<\/span>\n\t\t<\/div>\n\t\t\t\t\t\t<\/div>\n\t\t\t\t<\/div>\n\t\t\t\t<div class=\"elementor-element elementor-element-647a188 elementor-widget elementor-widget-heading\" data-id=\"647a188\" data-element_type=\"widget\" data-e-type=\"widget\" data-widget_type=\"heading.default\">\n\t\t\t\t<div class=\"elementor-widget-container\">\n\t\t\t\t\t<h6 class=\"elementor-heading-title elementor-size-default\">Z\u016fsta\u0148te ve spojen\u00ed<\/h6>\t\t\t\t<\/div>\n\t\t\t\t<\/div>\n\t\t\t\t<div class=\"elementor-element elementor-element-1489af2 elementor-shape-rounded elementor-grid-0 e-grid-align-center elementor-widget elementor-widget-social-icons\" data-id=\"1489af2\" data-element_type=\"widget\" data-e-type=\"widget\" data-widget_type=\"social-icons.default\">\n\t\t\t\t<div class=\"elementor-widget-container\">\n\t\t\t\t\t\t\t<div class=\"elementor-social-icons-wrapper elementor-grid\" role=\"list\">\n\t\t\t\t\t\t\t<span class=\"elementor-grid-item\" role=\"listitem\">\n\t\t\t\t\t<a class=\"elementor-icon elementor-social-icon elementor-social-icon-instagram elementor-repeater-item-c5fa792\" href=\"https:\/\/www.instagram.com\/elegancebet_official\/\" target=\"_blank\">\n\t\t\t\t\t\t<span class=\"elementor-screen-only\">Instagram<\/span>\n\t\t\t\t\t\t<svg aria-hidden=\"true\" class=\"e-font-icon-svg e-fab-instagram\" viewBox=\"0 0 448 512\" xmlns=\"http:\/\/www.w3.org\/2000\/svg\"><path d=\"M224.1 141c-63.6 0-114.9 51.3-114.9 114.9s51.3 114.9 114.9 114.9S339 319.5 339 255.9 287.7 141 224.1 141zm0 189.6c-41.1 0-74.7-33.5-74.7-74.7s33.5-74.7 74.7-74.7 74.7 33.5 74.7 74.7-33.6 74.7-74.7 74.7zm146.4-194.3c0 14.9-12 26.8-26.8 26.8-14.9 0-26.8-12-26.8-26.8s12-26.8 26.8-26.8 26.8 12 26.8 26.8zm76.1 27.2c-1.7-35.9-9.9-67.7-36.2-93.9-26.2-26.2-58-34.4-93.9-36.2-37-2.1-147.9-2.1-184.9 0-35.8 1.7-67.6 9.9-93.9 36.1s-34.4 58-36.2 93.9c-2.1 37-2.1 147.9 0 184.9 1.7 35.9 9.9 67.7 36.2 93.9s58 34.4 93.9 36.2c37 2.1 147.9 2.1 184.9 0 35.9-1.7 67.7-9.9 93.9-36.2 26.2-26.2 34.4-58 36.2-93.9 2.1-37 2.1-147.8 0-184.8zM398.8 388c-7.8 19.6-22.9 34.7-42.6 42.6-29.5 11.7-99.5 9-132.1 9s-102.7 2.6-132.1-9c-19.6-7.8-34.7-22.9-42.6-42.6-11.7-29.5-9-99.5-9-132.1s-2.6-102.7 9-132.1c7.8-19.6 22.9-34.7 42.6-42.6 29.5-11.7 99.5-9 132.1-9s102.7-2.6 132.1 9c19.6 7.8 34.7 22.9 42.6 42.6 11.7 29.5 9 99.5 9 132.1s2.7 102.7-9 132.1z\"><\/path><\/svg>\t\t\t\t\t<\/a>\n\t\t\t\t<\/span>\n\t\t\t\t\t\t\t<span class=\"elementor-grid-item\" role=\"listitem\">\n\t\t\t\t\t<a class=\"elementor-icon elementor-social-icon elementor-social-icon-facebook elementor-repeater-item-09eb0b8\" href=\"https:\/\/www.facebook.com\/people\/Elegance-Bet\/61555850011343\/\" target=\"_blank\">\n\t\t\t\t\t\t<span class=\"elementor-screen-only\">Facebook<\/span>\n\t\t\t\t\t\t<svg aria-hidden=\"true\" class=\"e-font-icon-svg e-fab-facebook\" viewBox=\"0 0 512 512\" xmlns=\"http:\/\/www.w3.org\/2000\/svg\"><path d=\"M504 256C504 119 393 8 256 8S8 119 8 256c0 123.78 90.69 226.38 209.25 245V327.69h-63V256h63v-54.64c0-62.15 37-96.48 93.67-96.48 27.14 0 55.52 4.84 55.52 4.84v61h-31.28c-30.8 0-40.41 19.12-40.41 38.73V256h68.78l-11 71.69h-57.78V501C413.31 482.38 504 379.78 504 256z\"><\/path><\/svg>\t\t\t\t\t<\/a>\n\t\t\t\t<\/span>\n\t\t\t\t\t\t\t<span class=\"elementor-grid-item\" role=\"listitem\">\n\t\t\t\t\t<a class=\"elementor-icon elementor-social-icon elementor-social-icon-telegram elementor-repeater-item-da5794f\" href=\"https:\/\/t.me\/+VQ4uawUjn5ZhZDU0\" target=\"_blank\">\n\t\t\t\t\t\t<span class=\"elementor-screen-only\">Telegram<\/span>\n\t\t\t\t\t\t<svg aria-hidden=\"true\" class=\"e-font-icon-svg e-fab-telegram\" viewBox=\"0 0 496 512\" xmlns=\"http:\/\/www.w3.org\/2000\/svg\"><path d=\"M248 8C111 8 0 119 0 256s111 248 248 248 248-111 248-248S385 8 248 8zm121.8 169.9l-40.7 191.8c-3 13.6-11.1 16.9-22.4 10.5l-62-45.7-29.9 28.8c-3.3 3.3-6.1 6.1-12.5 6.1l4.4-63.1 114.9-103.8c5-4.4-1.1-6.9-7.7-2.5l-142 89.4-61.2-19.1c-13.3-4.2-13.6-13.3 2.8-19.7l239.1-92.2c11.1-4 20.8 2.7 17.2 19.5z\"><\/path><\/svg>\t\t\t\t\t<\/a>\n\t\t\t\t<\/span>\n\t\t\t\t\t<\/div>\n\t\t\t\t\t\t<\/div>\n\t\t\t\t<\/div>\n\t\t\t\t<\/div>\n\t\t<div class=\"elementor-element elementor-element-cbb5c4a e-con-full e-flex e-con e-child\" data-id=\"cbb5c4a\" data-element_type=\"container\" data-e-type=\"container\">\n\t\t\t\t<div class=\"elementor-element elementor-element-6651475 elementor-widget elementor-widget-wpforms\" data-id=\"6651475\" data-element_type=\"widget\" data-e-type=\"widget\" data-widget_type=\"wpforms.default\">\n\t\t\t\t<div class=\"elementor-widget-container\">\n\t\t\t\t\t<div class=\"wpforms-container \" id=\"wpforms-1269\"><form id=\"wpforms-form-1269\" class=\"wpforms-validate wpforms-form wpforms-ajax-form\" data-formid=\"1269\" method=\"post\" enctype=\"multipart\/form-data\" action=\"\/en\/wp-json\/wp\/v2\/pages\/1059\" data-token=\"80f37cd40ceb217a928f205ab5e59556\" data-token-time=\"1776759516\"><noscript class=\"wpforms-error-noscript\">Please enable JavaScript in your browser to complete this form.<\/noscript><div class=\"wpforms-field-container\"><div id=\"wpforms-1269-field_0-container\" class=\"wpforms-field wpforms-field-name\" data-field-id=\"0\"><label class=\"wpforms-field-label wpforms-label-hide\" for=\"wpforms-1269-field_0\">K\u0159estn\u00ed jm\u00e9no <span class=\"wpforms-required-label\">*<\/span><\/label><div class=\"wpforms-field-row wpforms-field-large\"><div class=\"wpforms-field-row-block wpforms-first wpforms-one-half\"><input type=\"text\" id=\"wpforms-1269-field_0\" class=\"wpforms-field-name-first wpforms-field-required\" name=\"wpforms[fields][0][first]\" placeholder=\"K\u0159estn\u00ed jm\u00e9no\" required><label for=\"wpforms-1269-field_0\" class=\"wpforms-field-sublabel after wpforms-sublabel-hide\">First<\/label><\/div><div class=\"wpforms-field-row-block wpforms-one-half\"><input type=\"text\" id=\"wpforms-1269-field_0-last\" class=\"wpforms-field-name-last wpforms-field-required\" name=\"wpforms[fields][0][last]\" placeholder=\"P\u0159\u00edjmen\u00ed\" required><label for=\"wpforms-1269-field_0-last\" class=\"wpforms-field-sublabel after wpforms-sublabel-hide\">Last<\/label><\/div><\/div><\/div><div id=\"wpforms-1269-field_1-container\" class=\"wpforms-field wpforms-field-email\" data-field-id=\"1\"><label class=\"wpforms-field-label wpforms-label-hide\" for=\"wpforms-1269-field_1\">E-mail <span class=\"wpforms-required-label\">*<\/span><\/label><input type=\"email\" id=\"wpforms-1269-field_1\" class=\"wpforms-field-large wpforms-field-required\" name=\"wpforms[fields][1]\" placeholder=\"E-mail\" spellcheck=\"false\" required><\/div><div id=\"wpforms-1269-field_2-container\" class=\"wpforms-field wpforms-field-textarea\" data-field-id=\"2\"><label class=\"wpforms-field-label wpforms-label-hide\" for=\"wpforms-1269-field_2\">Dotazy nebo zpr\u00e1vy <span class=\"wpforms-required-label\">*<\/span><\/label><textarea id=\"wpforms-1269-field_2\" class=\"wpforms-field-medium wpforms-field-required\" name=\"wpforms[fields][2]\" placeholder=\"Dotazy nebo zpr\u00e1vy\" required><\/textarea><\/div><\/div><!-- .wpforms-field-container --><div class=\"wpforms-recaptcha-container wpforms-is-recaptcha wpforms-is-recaptcha-type-v3\" ><input type=\"hidden\" name=\"wpforms[recaptcha]\" value=\"\"><\/div><div class=\"wpforms-submit-container\" ><input type=\"hidden\" name=\"wpforms[id]\" value=\"1269\"><input type=\"hidden\" name=\"page_title\" value=\"\"><input type=\"hidden\" name=\"page_url\" value=\"https:\/\/elegancebet.cz\/en\/wp-json\/wp\/v2\/pages\/1059\"><input type=\"hidden\" name=\"url_referer\" value=\"\"><button type=\"submit\" name=\"wpforms[submit]\" id=\"wpforms-submit-1269\" class=\"wpforms-submit\" data-alt-text=\"Odes\u00edl\u00e1n\u00ed...\" data-submit-text=\"Odeslat\" aria-live=\"assertive\" value=\"wpforms-submit\">Odeslat<\/button><img decoding=\"async\" src=\"https:\/\/elegancebet.cz\/wp-content\/plugins\/wpforms-lite\/assets\/images\/submit-spin.svg\" class=\"wpforms-submit-spinner\" style=\"display: none;\" width=\"26\" height=\"26\" alt=\"Loading\"><\/div><\/form><\/div>  <!-- .wpforms-container -->\t\t\t\t<\/div>\n\t\t\t\t<\/div>\n\t\t\t\t<\/div>\n\t\t\t\t\t<\/div>\n\t\t\t\t<\/div>\n\t\t\t\t<\/div>\n\t\t\t\t\t<\/div>\n\t\t\t\t<\/div>\n\t\t\t\t<\/div>\n\t\t","protected":false},"excerpt":{"rendered":"<p>Kontakt M\u00e1te dotazy ohledn\u011b na\u0161ich bal\u00ed\u010dk\u016f? Nev\u00e1hejte n\u00e1s kontaktovat, pokud m\u00e1te dotazy ohledn\u011b na\u0161ich s\u00e1zkov\u00fdch bal\u00ed\u010dk\u016f. Jsme tu pro v\u00e1s a r\u00e1di v\u00e1m poskytneme ve\u0161ker\u00e9 pot\u0159ebn\u00e9 informace a podporu. Bu\u010fte v klidu a pi\u0161te n\u00e1m! Kutaj Group s.r.o. Nov\u00e9 sady 988\/2, Star\u00e9 Brno, 602 00 Brno I\u010cO: 21670315 Spisov\u00e1 zna\u010dka: C 139728 veden\u00e1 u Krajsk\u00e9ho [&hellip;]<\/p>\n","protected":false},"author":1,"featured_media":0,"parent":0,"menu_order":0,"comment_status":"closed","ping_status":"closed","template":"","meta":{"site-sidebar-layout":"no-sidebar","site-content-layout":"page-builder","ast-site-content-layout":"default","site-content-style":"default","site-sidebar-style":"default","ast-global-header-display":"","ast-banner-title-visibility":"","ast-main-header-display":"","ast-hfb-above-header-display":"","ast-hfb-below-header-display":"","ast-hfb-mobile-header-display":"","site-post-title":"disabled","ast-breadcrumbs-content":"","ast-featured-img":"disabled","footer-sml-layout":"","ast-disable-related-posts":"","theme-transparent-header-meta":"enabled","adv-header-id-meta":"","stick-header-meta":"","header-above-stick-meta":"","header-main-stick-meta":"","header-below-stick-meta":"","astra-migrate-meta-layouts":"default","ast-page-background-enabled":"default","ast-page-background-meta":{"desktop":{"background-color":"var(--ast-global-color-4)","background-image":"","background-repeat":"repeat","background-position":"center center","background-size":"auto","background-attachment":"scroll","background-type":"","background-media":"","overlay-type":"","overlay-color":"","overlay-opacity":"","overlay-gradient":""},"tablet":{"background-color":"","background-image":"","background-repeat":"repeat","background-position":"center center","background-size":"auto","background-attachment":"scroll","background-type":"","background-media":"","overlay-type":"","overlay-color":"","overlay-opacity":"","overlay-gradient":""},"mobile":{"background-color":"","background-image":"","background-repeat":"repeat","background-position":"center center","background-size":"auto","background-attachment":"scroll","background-type":"","background-media":"","overlay-type":"","overlay-color":"","overlay-opacity":"","overlay-gradient":""}},"ast-content-background-meta":{"desktop":{"background-color":"var(--ast-global-color-5)","background-image":"","background-repeat":"repeat","background-position":"center center","background-size":"auto","background-attachment":"scroll","background-type":"","background-media":"","overlay-type":"","overlay-color":"","overlay-opacity":"","overlay-gradient":""},"tablet":{"background-color":"var(--ast-global-color-5)","background-image":"","background-repeat":"repeat","background-position":"center center","background-size":"auto","background-attachment":"scroll","background-type":"","background-media":"","overlay-type":"","overlay-color":"","overlay-opacity":"","overlay-gradient":""},"mobile":{"background-color":"var(--ast-global-color-5)","background-image":"","background-repeat":"repeat","background-position":"center center","background-size":"auto","background-attachment":"scroll","background-type":"","background-media":"","overlay-type":"","overlay-color":"","overlay-opacity":"","overlay-gradient":""}},"footnotes":""},"class_list":["post-1059","page","type-page","status-publish","hentry"],"yoast_head":"<!-- This site is optimized with the Yoast SEO plugin v27.2 - https:\/\/yoast.com\/product\/yoast-seo-wordpress\/ -->\n<title>Kontakt - EleganceBet<\/title>\n<meta name=\"robots\" content=\"index, follow, max-snippet:-1, max-image-preview:large, max-video-preview:-1\" \/>\n<link rel=\"canonical\" href=\"https:\/\/elegancebet.cz\/en\/contact\/\" \/>\n<meta property=\"og:locale\" content=\"en_GB\" \/>\n<meta property=\"og:type\" content=\"article\" \/>\n<meta property=\"og:title\" content=\"Kontakt - EleganceBet\" \/>\n<meta property=\"og:description\" content=\"Kontakt M\u00e1te dotazy ohledn\u011b na\u0161ich bal\u00ed\u010dk\u016f? Nev\u00e1hejte n\u00e1s kontaktovat, pokud m\u00e1te dotazy ohledn\u011b na\u0161ich s\u00e1zkov\u00fdch bal\u00ed\u010dk\u016f. Jsme tu pro v\u00e1s a r\u00e1di v\u00e1m poskytneme ve\u0161ker\u00e9 pot\u0159ebn\u00e9 informace a podporu. Bu\u010fte v klidu a pi\u0161te n\u00e1m! Kutaj Group s.r.o. Nov\u00e9 sady 988\/2, Star\u00e9 Brno, 602 00 Brno I\u010cO: 21670315 Spisov\u00e1 zna\u010dka: C 139728 veden\u00e1 u Krajsk\u00e9ho [&hellip;]\" \/>\n<meta property=\"og:url\" content=\"https:\/\/elegancebet.cz\/en\/contact\/\" \/>\n<meta property=\"og:site_name\" content=\"EleganceBet\" \/>\n<meta property=\"article:publisher\" content=\"https:\/\/www.facebook.com\/profile.php?id=61555850011343\" \/>\n<meta property=\"article:modified_time\" content=\"2024-07-21T08:10:50+00:00\" \/>\n<meta property=\"og:image\" content=\"https:\/\/elegancebet.cz\/wp-content\/plugins\/wpforms-lite\/assets\/images\/submit-spin.svg\" \/>\n<meta name=\"twitter:card\" content=\"summary_large_image\" \/>\n<meta name=\"twitter:label1\" content=\"Estimated reading time\" \/>\n\t<meta name=\"twitter:data1\" content=\"1 minute\" \/>\n<script type=\"application\/ld+json\" class=\"yoast-schema-graph\">{\"@context\":\"https:\/\/schema.org\",\"@graph\":[{\"@type\":\"WebPage\",\"@id\":\"https:\/\/elegancebet.cz\/de\/kontakt\/\",\"url\":\"https:\/\/elegancebet.cz\/de\/kontakt\/\",\"name\":\"Kontakt - EleganceBet\",\"isPartOf\":{\"@id\":\"https:\/\/elegancebet.cz\/en\/#website\"},\"primaryImageOfPage\":{\"@id\":\"https:\/\/elegancebet.cz\/de\/kontakt\/#primaryimage\"},\"image\":{\"@id\":\"https:\/\/elegancebet.cz\/de\/kontakt\/#primaryimage\"},\"thumbnailUrl\":\"https:\/\/elegancebet.cz\/wp-content\/plugins\/wpforms-lite\/assets\/images\/submit-spin.svg\",\"datePublished\":\"2022-03-05T02:16:38+00:00\",\"dateModified\":\"2024-07-21T08:10:50+00:00\",\"breadcrumb\":{\"@id\":\"https:\/\/elegancebet.cz\/de\/kontakt\/#breadcrumb\"},\"inLanguage\":\"en-GB\",\"potentialAction\":[{\"@type\":\"ReadAction\",\"target\":[\"https:\/\/elegancebet.cz\/de\/kontakt\/\"]}]},{\"@type\":\"ImageObject\",\"inLanguage\":\"en-GB\",\"@id\":\"https:\/\/elegancebet.cz\/de\/kontakt\/#primaryimage\",\"url\":\"https:\/\/elegancebet.cz\/wp-content\/plugins\/wpforms-lite\/assets\/images\/submit-spin.svg\",\"contentUrl\":\"https:\/\/elegancebet.cz\/wp-content\/plugins\/wpforms-lite\/assets\/images\/submit-spin.svg\"},{\"@type\":\"BreadcrumbList\",\"@id\":\"https:\/\/elegancebet.cz\/de\/kontakt\/#breadcrumb\",\"itemListElement\":[{\"@type\":\"ListItem\",\"position\":1,\"name\":\"Dom\u016f\",\"item\":\"https:\/\/elegancebet.cz\/en\/\"},{\"@type\":\"ListItem\",\"position\":2,\"name\":\"Kontakt\"}]},{\"@type\":\"WebSite\",\"@id\":\"https:\/\/elegancebet.cz\/en\/#website\",\"url\":\"https:\/\/elegancebet.cz\/en\/\",\"name\":\"EleganceBet\",\"description\":\"Hr\u00e1t. Prozkoumat. U\u010dit se.\",\"publisher\":{\"@id\":\"https:\/\/elegancebet.cz\/en\/#organization\"},\"potentialAction\":[{\"@type\":\"SearchAction\",\"target\":{\"@type\":\"EntryPoint\",\"urlTemplate\":\"https:\/\/elegancebet.cz\/en\/?s={search_term_string}\"},\"query-input\":{\"@type\":\"PropertyValueSpecification\",\"valueRequired\":true,\"valueName\":\"search_term_string\"}}],\"inLanguage\":\"en-GB\"},{\"@type\":\"Organization\",\"@id\":\"https:\/\/elegancebet.cz\/en\/#organization\",\"name\":\"EleganceBet\",\"url\":\"https:\/\/elegancebet.cz\/en\/\",\"logo\":{\"@type\":\"ImageObject\",\"inLanguage\":\"en-GB\",\"@id\":\"https:\/\/elegancebet.cz\/en\/#\/schema\/logo\/image\/\",\"url\":\"https:\/\/elegancebet.cz\/wp-content\/uploads\/2025\/01\/Logo_Final.jpg\",\"contentUrl\":\"https:\/\/elegancebet.cz\/wp-content\/uploads\/2025\/01\/Logo_Final.jpg\",\"width\":1265,\"height\":1280,\"caption\":\"EleganceBet\"},\"image\":{\"@id\":\"https:\/\/elegancebet.cz\/en\/#\/schema\/logo\/image\/\"},\"sameAs\":[\"https:\/\/www.facebook.com\/profile.php?id=61555850011343\",\"https:\/\/www.instagram.com\/elegancebet_official\/\"]}]}<\/script>\n<!-- \/ Yoast SEO plugin. -->","yoast_head_json":{"title":"Contact - EleganceBet","robots":{"index":"index","follow":"follow","max-snippet":"max-snippet:-1","max-image-preview":"max-image-preview:large","max-video-preview":"max-video-preview:-1"},"canonical":"https:\/\/elegancebet.cz\/en\/contact\/","og_locale":"en_GB","og_type":"article","og_title":"Kontakt - EleganceBet","og_description":"Kontakt M\u00e1te dotazy ohledn\u011b na\u0161ich bal\u00ed\u010dk\u016f? Nev\u00e1hejte n\u00e1s kontaktovat, pokud m\u00e1te dotazy ohledn\u011b na\u0161ich s\u00e1zkov\u00fdch bal\u00ed\u010dk\u016f. Jsme tu pro v\u00e1s a r\u00e1di v\u00e1m poskytneme ve\u0161ker\u00e9 pot\u0159ebn\u00e9 informace a podporu. Bu\u010fte v klidu a pi\u0161te n\u00e1m! Kutaj Group s.r.o. Nov\u00e9 sady 988\/2, Star\u00e9 Brno, 602 00 Brno I\u010cO: 21670315 Spisov\u00e1 zna\u010dka: C 139728 veden\u00e1 u Krajsk\u00e9ho [&hellip;]","og_url":"https:\/\/elegancebet.cz\/en\/contact\/","og_site_name":"EleganceBet","article_publisher":"https:\/\/www.facebook.com\/profile.php?id=61555850011343","article_modified_time":"2024-07-21T08:10:50+00:00","og_image":[{"url":"https:\/\/elegancebet.cz\/wp-content\/plugins\/wpforms-lite\/assets\/images\/submit-spin.svg","type":"","width":"","height":""}],"twitter_card":"summary_large_image","twitter_misc":{"Estimated reading time":"1 minute"},"schema":{"@context":"https:\/\/schema.org","@graph":[{"@type":"WebPage","@id":"https:\/\/elegancebet.cz\/de\/kontakt\/","url":"https:\/\/elegancebet.cz\/de\/kontakt\/","name":"Contact - EleganceBet","isPartOf":{"@id":"https:\/\/elegancebet.cz\/en\/#website"},"primaryImageOfPage":{"@id":"https:\/\/elegancebet.cz\/de\/kontakt\/#primaryimage"},"image":{"@id":"https:\/\/elegancebet.cz\/de\/kontakt\/#primaryimage"},"thumbnailUrl":"https:\/\/elegancebet.cz\/wp-content\/plugins\/wpforms-lite\/assets\/images\/submit-spin.svg","datePublished":"2022-03-05T02:16:38+00:00","dateModified":"2024-07-21T08:10:50+00:00","breadcrumb":{"@id":"https:\/\/elegancebet.cz\/de\/kontakt\/#breadcrumb"},"inLanguage":"en-GB","potentialAction":[{"@type":"ReadAction","target":["https:\/\/elegancebet.cz\/de\/kontakt\/"]}]},{"@type":"ImageObject","inLanguage":"en-GB","@id":"https:\/\/elegancebet.cz\/de\/kontakt\/#primaryimage","url":"https:\/\/elegancebet.cz\/wp-content\/plugins\/wpforms-lite\/assets\/images\/submit-spin.svg","contentUrl":"https:\/\/elegancebet.cz\/wp-content\/plugins\/wpforms-lite\/assets\/images\/submit-spin.svg"},{"@type":"BreadcrumbList","@id":"https:\/\/elegancebet.cz\/de\/kontakt\/#breadcrumb","itemListElement":[{"@type":"ListItem","position":1,"name":"Dom\u016f","item":"https:\/\/elegancebet.cz\/en\/"},{"@type":"ListItem","position":2,"name":"Kontakt"}]},{"@type":"WebSite","@id":"https:\/\/elegancebet.cz\/en\/#website","url":"https:\/\/elegancebet.cz\/en\/","name":"EleganceBet","description":"Play. Explore. Learn.","publisher":{"@id":"https:\/\/elegancebet.cz\/en\/#organization"},"potentialAction":[{"@type":"SearchAction","target":{"@type":"EntryPoint","urlTemplate":"https:\/\/elegancebet.cz\/en\/?s={search_term_string}"},"query-input":{"@type":"PropertyValueSpecification","valueRequired":true,"valueName":"search_term_string"}}],"inLanguage":"en-GB"},{"@type":"Organization","@id":"https:\/\/elegancebet.cz\/en\/#organization","name":"EleganceBet","url":"https:\/\/elegancebet.cz\/en\/","logo":{"@type":"ImageObject","inLanguage":"en-GB","@id":"https:\/\/elegancebet.cz\/en\/#\/schema\/logo\/image\/","url":"https:\/\/elegancebet.cz\/wp-content\/uploads\/2025\/01\/Logo_Final.jpg","contentUrl":"https:\/\/elegancebet.cz\/wp-content\/uploads\/2025\/01\/Logo_Final.jpg","width":1265,"height":1280,"caption":"EleganceBet"},"image":{"@id":"https:\/\/elegancebet.cz\/en\/#\/schema\/logo\/image\/"},"sameAs":["https:\/\/www.facebook.com\/profile.php?id=61555850011343","https:\/\/www.instagram.com\/elegancebet_official\/"]}]}},"jetpack_sharing_enabled":true,"_links":{"self":[{"href":"https:\/\/elegancebet.cz\/en\/wp-json\/wp\/v2\/pages\/1059","targetHints":{"allow":["GET"]}}],"collection":[{"href":"https:\/\/elegancebet.cz\/en\/wp-json\/wp\/v2\/pages"}],"about":[{"href":"https:\/\/elegancebet.cz\/en\/wp-json\/wp\/v2\/types\/page"}],"author":[{"embeddable":true,"href":"https:\/\/elegancebet.cz\/en\/wp-json\/wp\/v2\/users\/1"}],"replies":[{"embeddable":true,"href":"https:\/\/elegancebet.cz\/en\/wp-json\/wp\/v2\/comments?post=1059"}],"version-history":[{"count":22,"href":"https:\/\/elegancebet.cz\/en\/wp-json\/wp\/v2\/pages\/1059\/revisions"}],"predecessor-version":[{"id":2684,"href":"https:\/\/elegancebet.cz\/en\/wp-json\/wp\/v2\/pages\/1059\/revisions\/2684"}],"wp:attachment":[{"href":"https:\/\/elegancebet.cz\/en\/wp-json\/wp\/v2\/media?parent=1059"}],"curies":[{"name":"wp","href":"https:\/\/api.w.org\/{rel}","templated":true}]}}