{"id":1967,"date":"2024-06-22T14:23:30","date_gmt":"2024-06-22T12:23:30","guid":{"rendered":"https:\/\/elegancebet.cz\/?page_id=1967"},"modified":"2024-06-25T11:38:03","modified_gmt":"2024-06-25T09:38:03","slug":"thank-you","status":"publish","type":"page","link":"https:\/\/elegancebet.cz\/en\/thank-you\/","title":{"rendered":"Thank you"},"content":{"rendered":"<div data-elementor-type=\"wp-page\" data-elementor-id=\"1967\" class=\"elementor elementor-1967\" data-elementor-post-type=\"page\">\n\t\t\t\t<div class=\"elementor-element elementor-element-6b9075a e-con-full e-flex e-con e-parent\" data-id=\"6b9075a\" data-element_type=\"container\" data-e-type=\"container\" data-settings=\"{&quot;background_background&quot;:&quot;classic&quot;}\">\n\t\t<div class=\"elementor-element elementor-element-0ee2b07 e-con-full e-flex e-con e-child\" data-id=\"0ee2b07\" data-element_type=\"container\" data-e-type=\"container\">\n\t\t\t\t<div class=\"elementor-element elementor-element-21096b4 elementor-widget elementor-widget-heading\" data-id=\"21096b4\" data-element_type=\"widget\" data-e-type=\"widget\" data-widget_type=\"heading.default\">\n\t\t\t\t<div class=\"elementor-widget-container\">\n\t\t\t\t\t<h2 class=\"elementor-heading-title elementor-size-default\">Thank you for your purchase!<\/h2>\t\t\t\t<\/div>\n\t\t\t\t<\/div>\n\t\t\t\t<div class=\"elementor-element elementor-element-7420397 elementor-view-default elementor-widget elementor-widget-icon\" data-id=\"7420397\" data-element_type=\"widget\" data-e-type=\"widget\" data-widget_type=\"icon.default\">\n\t\t\t\t<div class=\"elementor-widget-container\">\n\t\t\t\t\t\t\t<div class=\"elementor-icon-wrapper\">\n\t\t\t<div class=\"elementor-icon\">\n\t\t\t<svg aria-hidden=\"true\" class=\"e-font-icon-svg e-far-check-circle\" viewbox=\"0 0 512 512\" xmlns=\"http:\/\/www.w3.org\/2000\/svg\"><path d=\"M256 8C119.033 8 8 119.033 8 256s111.033 248 248 248 248-111.033 248-248S392.967 8 256 8zm0 48c110.532 0 200 89.451 200 200 0 110.532-89.451 200-200 200-110.532 0-200-89.451-200-200 0-110.532 89.451-200 200-200m140.204 130.267l-22.536-22.718c-4.667-4.705-12.265-4.736-16.97-.068L215.346 303.697l-59.792-60.277c-4.667-4.705-12.265-4.736-16.97-.069l-22.719 22.536c-4.705 4.667-4.736 12.265-.068 16.971l90.781 91.516c4.667 4.705 12.265 4.736 16.97.068l172.589-171.204c4.704-4.668 4.734-12.266.067-16.971z\"><\/path><\/svg>\t\t\t<\/div>\n\t\t<\/div>\n\t\t\t\t\t\t<\/div>\n\t\t\t\t<\/div>\n\t\t\t\t<div class=\"elementor-element elementor-element-ed5df5c elementor-widget elementor-widget-text-editor\" data-id=\"ed5df5c\" data-element_type=\"widget\" data-e-type=\"widget\" data-widget_type=\"text-editor.default\">\n\t\t\t\t<div class=\"elementor-widget-container\">\n\t\t\t\t\t\t\t\t\t<p>Thank you for choosing <strong>Elegancebet<\/strong> for your betting advice. Your purchase has been successfully completed and we are very happy that you have decided to trust our services.<\/p>\t\t\t\t\t\t\t\t<\/div>\n\t\t\t\t<\/div>\n\t\t\t\t<div class=\"elementor-element elementor-element-a97d536 elementor-widget elementor-widget-text-editor\" data-id=\"a97d536\" data-element_type=\"widget\" data-e-type=\"widget\" data-widget_type=\"text-editor.default\">\n\t\t\t\t<div class=\"elementor-widget-container\">\n\t\t\t\t\t\t\t\t\t<strong>Access to our services:<\/strong> Information about your purchased package or single ticket can be found in your account.\t\t\t\t\t\t\t\t<\/div>\n\t\t\t\t<\/div>\n\t\t\t\t<div class=\"elementor-element elementor-element-d2a13a7 elementor-widget elementor-widget-text-editor\" data-id=\"d2a13a7\" data-element_type=\"widget\" data-e-type=\"widget\" data-widget_type=\"text-editor.default\">\n\t\t\t\t<div class=\"elementor-widget-container\">\n\t\t\t\t\t\t\t\t\t<ul><li>If you have purchased <strong>single ticket<\/strong>, you can find it in the section <strong>Retrieved from<\/strong>.<\/li><li>If you have purchased <strong>Membership<\/strong>, you will have access to new tips every day in the <strong>Membership<\/strong>.<\/li><\/ul>\t\t\t\t\t\t\t\t<\/div>\n\t\t\t\t<\/div>\n\t\t\t\t<div class=\"elementor-element elementor-element-5e0f3ad elementor-widget elementor-widget-text-editor\" data-id=\"5e0f3ad\" data-element_type=\"widget\" data-e-type=\"widget\" data-widget_type=\"text-editor.default\">\n\t\t\t\t<div class=\"elementor-widget-container\">\n\t\t\t\t\t\t\t\t\t<p><span style=\"font-size: 16px;\">You can also keep up to date with the latest information and updates on available tips on our <\/span><a style=\"font-size: 16px; background-color: #ffffff;\" href=\"https:\/\/www.instagram.com\/elegancebet_official\/\">Instagram profile.<\/a><\/p>\t\t\t\t\t\t\t\t<\/div>\n\t\t\t\t<\/div>\n\t\t\t\t<\/div>\n\t\t\t\t<\/div>\n\t\t\t\t<\/div>","protected":false},"excerpt":{"rendered":"<p>D\u011bkujeme za v\u00e1\u0161 n\u00e1kup! D\u011bkujeme, \u017ee jste si vybrali Elegancebet pro va\u0161e s\u00e1zkov\u00e9 poradenstv\u00ed. V\u00e1\u0161 n\u00e1kup byl \u00fasp\u011b\u0161n\u011b dokon\u010den a my jsme velmi r\u00e1di, \u017ee jste se rozhodli d\u016fv\u011b\u0159ovat na\u0161im slu\u017eb\u00e1m. P\u0159\u00edstup k na\u0161im slu\u017eb\u00e1m: Informace o va\u0161em zakoupen\u00e9m\u00a0bal\u00ed\u010dku nebo jednor\u00e1zov\u00e9m tiketu najdete ve va\u0161em \u00fa\u010dtu. Pokud jste zakoupili jednor\u00e1zov\u00fd tiket, najdete jej v sekci [&hellip;]<\/p>\n","protected":false},"author":1,"featured_media":0,"parent":0,"menu_order":0,"comment_status":"closed","ping_status":"closed","template":"","meta":{"site-sidebar-layout":"no-sidebar","site-content-layout":"page-builder","ast-site-content-layout":"default","site-content-style":"default","site-sidebar-style":"default","ast-global-header-display":"","ast-banner-title-visibility":"","ast-main-header-display":"","ast-hfb-above-header-display":"","ast-hfb-below-header-display":"","ast-hfb-mobile-header-display":"","site-post-title":"disabled","ast-breadcrumbs-content":"","ast-featured-img":"disabled","footer-sml-layout":"","ast-disable-related-posts":"","theme-transparent-header-meta":"enabled","adv-header-id-meta":"","stick-header-meta":"","header-above-stick-meta":"","header-main-stick-meta":"","header-below-stick-meta":"","astra-migrate-meta-layouts":"default","ast-page-background-enabled":"default","ast-page-background-meta":{"desktop":{"background-color":"var(--ast-global-color-4)","background-image":"","background-repeat":"repeat","background-position":"center center","background-size":"auto","background-attachment":"scroll","background-type":"","background-media":"","overlay-type":"","overlay-color":"","overlay-opacity":"","overlay-gradient":""},"tablet":{"background-color":"","background-image":"","background-repeat":"repeat","background-position":"center center","background-size":"auto","background-attachment":"scroll","background-type":"","background-media":"","overlay-type":"","overlay-color":"","overlay-opacity":"","overlay-gradient":""},"mobile":{"background-color":"","background-image":"","background-repeat":"repeat","background-position":"center center","background-size":"auto","background-attachment":"scroll","background-type":"","background-media":"","overlay-type":"","overlay-color":"","overlay-opacity":"","overlay-gradient":""}},"ast-content-background-meta":{"desktop":{"background-color":"var(--ast-global-color-5)","background-image":"","background-repeat":"repeat","background-position":"center center","background-size":"auto","background-attachment":"scroll","background-type":"","background-media":"","overlay-type":"","overlay-color":"","overlay-opacity":"","overlay-gradient":""},"tablet":{"background-color":"var(--ast-global-color-5)","background-image":"","background-repeat":"repeat","background-position":"center center","background-size":"auto","background-attachment":"scroll","background-type":"","background-media":"","overlay-type":"","overlay-color":"","overlay-opacity":"","overlay-gradient":""},"mobile":{"background-color":"var(--ast-global-color-5)","background-image":"","background-repeat":"repeat","background-position":"center center","background-size":"auto","background-attachment":"scroll","background-type":"","background-media":"","overlay-type":"","overlay-color":"","overlay-opacity":"","overlay-gradient":""}},"footnotes":""},"class_list":["post-1967","page","type-page","status-publish","hentry"],"yoast_head":"<!-- This site is optimized with the Yoast SEO plugin v27.2 - https:\/\/yoast.com\/product\/yoast-seo-wordpress\/ -->\n<title>D\u011bkuji - EleganceBet<\/title>\n<meta name=\"robots\" content=\"index, follow, max-snippet:-1, max-image-preview:large, max-video-preview:-1\" \/>\n<link rel=\"canonical\" href=\"https:\/\/elegancebet.cz\/en\/thank-you\/\" \/>\n<meta property=\"og:locale\" content=\"en_GB\" \/>\n<meta property=\"og:type\" content=\"article\" \/>\n<meta property=\"og:title\" content=\"D\u011bkuji - EleganceBet\" \/>\n<meta property=\"og:description\" content=\"D\u011bkujeme za v\u00e1\u0161 n\u00e1kup! D\u011bkujeme, \u017ee jste si vybrali Elegancebet pro va\u0161e s\u00e1zkov\u00e9 poradenstv\u00ed. V\u00e1\u0161 n\u00e1kup byl \u00fasp\u011b\u0161n\u011b dokon\u010den a my jsme velmi r\u00e1di, \u017ee jste se rozhodli d\u016fv\u011b\u0159ovat na\u0161im slu\u017eb\u00e1m. P\u0159\u00edstup k na\u0161im slu\u017eb\u00e1m: Informace o va\u0161em zakoupen\u00e9m\u00a0bal\u00ed\u010dku nebo jednor\u00e1zov\u00e9m tiketu najdete ve va\u0161em \u00fa\u010dtu. Pokud jste zakoupili jednor\u00e1zov\u00fd tiket, najdete jej v sekci [&hellip;]\" \/>\n<meta property=\"og:url\" content=\"https:\/\/elegancebet.cz\/en\/thank-you\/\" \/>\n<meta property=\"og:site_name\" content=\"EleganceBet\" \/>\n<meta property=\"article:publisher\" content=\"https:\/\/www.facebook.com\/profile.php?id=61555850011343\" \/>\n<meta property=\"article:modified_time\" content=\"2024-06-25T09:38:03+00:00\" \/>\n<meta name=\"twitter:card\" content=\"summary_large_image\" \/>\n<meta name=\"twitter:label1\" content=\"Estimated reading time\" \/>\n\t<meta name=\"twitter:data1\" content=\"1 minute\" \/>\n<script type=\"application\/ld+json\" class=\"yoast-schema-graph\">{\"@context\":\"https:\/\/schema.org\",\"@graph\":[{\"@type\":\"WebPage\",\"@id\":\"https:\/\/elegancebet.cz\/pl\/dziekuje\/\",\"url\":\"https:\/\/elegancebet.cz\/pl\/dziekuje\/\",\"name\":\"D\u011bkuji - EleganceBet\",\"isPartOf\":{\"@id\":\"https:\/\/elegancebet.cz\/#website\"},\"datePublished\":\"2024-06-22T12:23:30+00:00\",\"dateModified\":\"2024-06-25T09:38:03+00:00\",\"breadcrumb\":{\"@id\":\"https:\/\/elegancebet.cz\/pl\/dziekuje\/#breadcrumb\"},\"inLanguage\":\"en-GB\",\"potentialAction\":[{\"@type\":\"ReadAction\",\"target\":[\"https:\/\/elegancebet.cz\/pl\/dziekuje\/\"]}]},{\"@type\":\"BreadcrumbList\",\"@id\":\"https:\/\/elegancebet.cz\/pl\/dziekuje\/#breadcrumb\",\"itemListElement\":[{\"@type\":\"ListItem\",\"position\":1,\"name\":\"Dom\u016f\",\"item\":\"https:\/\/elegancebet.cz\/\"},{\"@type\":\"ListItem\",\"position\":2,\"name\":\"D\u011bkuji\"}]},{\"@type\":\"WebSite\",\"@id\":\"https:\/\/elegancebet.cz\/#website\",\"url\":\"https:\/\/elegancebet.cz\/\",\"name\":\"EleganceBet\",\"description\":\"Hr\u00e1t. Prozkoumat. U\u010dit se.\",\"publisher\":{\"@id\":\"https:\/\/elegancebet.cz\/#organization\"},\"potentialAction\":[{\"@type\":\"SearchAction\",\"target\":{\"@type\":\"EntryPoint\",\"urlTemplate\":\"https:\/\/elegancebet.cz\/?s={search_term_string}\"},\"query-input\":{\"@type\":\"PropertyValueSpecification\",\"valueRequired\":true,\"valueName\":\"search_term_string\"}}],\"inLanguage\":\"en-GB\"},{\"@type\":\"Organization\",\"@id\":\"https:\/\/elegancebet.cz\/#organization\",\"name\":\"EleganceBet\",\"url\":\"https:\/\/elegancebet.cz\/\",\"logo\":{\"@type\":\"ImageObject\",\"inLanguage\":\"en-GB\",\"@id\":\"https:\/\/elegancebet.cz\/#\/schema\/logo\/image\/\",\"url\":\"https:\/\/elegancebet.cz\/wp-content\/uploads\/2025\/01\/Logo_Final.jpg\",\"contentUrl\":\"https:\/\/elegancebet.cz\/wp-content\/uploads\/2025\/01\/Logo_Final.jpg\",\"width\":1265,\"height\":1280,\"caption\":\"EleganceBet\"},\"image\":{\"@id\":\"https:\/\/elegancebet.cz\/#\/schema\/logo\/image\/\"},\"sameAs\":[\"https:\/\/www.facebook.com\/profile.php?id=61555850011343\",\"https:\/\/www.instagram.com\/elegancebet_official\/\"]}]}<\/script>\n<!-- \/ Yoast SEO plugin. -->","yoast_head_json":{"title":"Thank you - EleganceBet","robots":{"index":"index","follow":"follow","max-snippet":"max-snippet:-1","max-image-preview":"max-image-preview:large","max-video-preview":"max-video-preview:-1"},"canonical":"https:\/\/elegancebet.cz\/en\/thank-you\/","og_locale":"en_GB","og_type":"article","og_title":"D\u011bkuji - EleganceBet","og_description":"D\u011bkujeme za v\u00e1\u0161 n\u00e1kup! D\u011bkujeme, \u017ee jste si vybrali Elegancebet pro va\u0161e s\u00e1zkov\u00e9 poradenstv\u00ed. V\u00e1\u0161 n\u00e1kup byl \u00fasp\u011b\u0161n\u011b dokon\u010den a my jsme velmi r\u00e1di, \u017ee jste se rozhodli d\u016fv\u011b\u0159ovat na\u0161im slu\u017eb\u00e1m. P\u0159\u00edstup k na\u0161im slu\u017eb\u00e1m: Informace o va\u0161em zakoupen\u00e9m\u00a0bal\u00ed\u010dku nebo jednor\u00e1zov\u00e9m tiketu najdete ve va\u0161em \u00fa\u010dtu. Pokud jste zakoupili jednor\u00e1zov\u00fd tiket, najdete jej v sekci [&hellip;]","og_url":"https:\/\/elegancebet.cz\/en\/thank-you\/","og_site_name":"EleganceBet","article_publisher":"https:\/\/www.facebook.com\/profile.php?id=61555850011343","article_modified_time":"2024-06-25T09:38:03+00:00","twitter_card":"summary_large_image","twitter_misc":{"Estimated reading time":"1 minute"},"schema":{"@context":"https:\/\/schema.org","@graph":[{"@type":"WebPage","@id":"https:\/\/elegancebet.cz\/pl\/dziekuje\/","url":"https:\/\/elegancebet.cz\/pl\/dziekuje\/","name":"Thank you - EleganceBet","isPartOf":{"@id":"https:\/\/elegancebet.cz\/#website"},"datePublished":"2024-06-22T12:23:30+00:00","dateModified":"2024-06-25T09:38:03+00:00","breadcrumb":{"@id":"https:\/\/elegancebet.cz\/pl\/dziekuje\/#breadcrumb"},"inLanguage":"en-GB","potentialAction":[{"@type":"ReadAction","target":["https:\/\/elegancebet.cz\/pl\/dziekuje\/"]}]},{"@type":"BreadcrumbList","@id":"https:\/\/elegancebet.cz\/pl\/dziekuje\/#breadcrumb","itemListElement":[{"@type":"ListItem","position":1,"name":"Dom\u016f","item":"https:\/\/elegancebet.cz\/"},{"@type":"ListItem","position":2,"name":"D\u011bkuji"}]},{"@type":"WebSite","@id":"https:\/\/elegancebet.cz\/#website","url":"https:\/\/elegancebet.cz\/","name":"EleganceBet","description":"Play. Explore. Learn.","publisher":{"@id":"https:\/\/elegancebet.cz\/#organization"},"potentialAction":[{"@type":"SearchAction","target":{"@type":"EntryPoint","urlTemplate":"https:\/\/elegancebet.cz\/?s={search_term_string}"},"query-input":{"@type":"PropertyValueSpecification","valueRequired":true,"valueName":"search_term_string"}}],"inLanguage":"en-GB"},{"@type":"Organization","@id":"https:\/\/elegancebet.cz\/#organization","name":"EleganceBet","url":"https:\/\/elegancebet.cz\/","logo":{"@type":"ImageObject","inLanguage":"en-GB","@id":"https:\/\/elegancebet.cz\/#\/schema\/logo\/image\/","url":"https:\/\/elegancebet.cz\/wp-content\/uploads\/2025\/01\/Logo_Final.jpg","contentUrl":"https:\/\/elegancebet.cz\/wp-content\/uploads\/2025\/01\/Logo_Final.jpg","width":1265,"height":1280,"caption":"EleganceBet"},"image":{"@id":"https:\/\/elegancebet.cz\/#\/schema\/logo\/image\/"},"sameAs":["https:\/\/www.facebook.com\/profile.php?id=61555850011343","https:\/\/www.instagram.com\/elegancebet_official\/"]}]}},"jetpack_sharing_enabled":true,"_links":{"self":[{"href":"https:\/\/elegancebet.cz\/en\/wp-json\/wp\/v2\/pages\/1967","targetHints":{"allow":["GET"]}}],"collection":[{"href":"https:\/\/elegancebet.cz\/en\/wp-json\/wp\/v2\/pages"}],"about":[{"href":"https:\/\/elegancebet.cz\/en\/wp-json\/wp\/v2\/types\/page"}],"author":[{"embeddable":true,"href":"https:\/\/elegancebet.cz\/en\/wp-json\/wp\/v2\/users\/1"}],"replies":[{"embeddable":true,"href":"https:\/\/elegancebet.cz\/en\/wp-json\/wp\/v2\/comments?post=1967"}],"version-history":[{"count":16,"href":"https:\/\/elegancebet.cz\/en\/wp-json\/wp\/v2\/pages\/1967\/revisions"}],"predecessor-version":[{"id":2026,"href":"https:\/\/elegancebet.cz\/en\/wp-json\/wp\/v2\/pages\/1967\/revisions\/2026"}],"wp:attachment":[{"href":"https:\/\/elegancebet.cz\/en\/wp-json\/wp\/v2\/media?parent=1967"}],"curies":[{"name":"wp","href":"https:\/\/api.w.org\/{rel}","templated":true}]}}