{"id":3,"date":"2024-01-05T14:57:29","date_gmt":"2024-01-05T13:57:29","guid":{"rendered":"http:\/\/elegancebet.cz\/?page_id=3"},"modified":"2024-06-14T13:29:09","modified_gmt":"2024-06-14T11:29:09","slug":"ochrona-danych-osobowych","status":"publish","type":"page","link":"https:\/\/elegancebet.cz\/pl\/ochrona-danych-osobowych\/","title":{"rendered":"Polityka prywatno\u015bci"},"content":{"rendered":"<div data-elementor-type=\"wp-page\" data-elementor-id=\"3\" class=\"elementor elementor-3\" data-elementor-post-type=\"page\">\n\t\t\t\t<div class=\"elementor-element elementor-element-6842a220 e-flex e-con-boxed e-con e-parent\" data-id=\"6842a220\" data-element_type=\"container\" data-e-type=\"container\">\n\t\t\t\t\t<div class=\"e-con-inner\">\n\t\t\t\t<div class=\"elementor-element elementor-element-6eda81f4 elementor-widget elementor-widget-text-editor\" data-id=\"6eda81f4\" data-element_type=\"widget\" data-e-type=\"widget\" data-widget_type=\"text-editor.default\">\n\t\t\t\t<div class=\"elementor-widget-container\">\n\t\t\t\t\t\t\t\t\t<p><\/p>\n<h2 class=\"wp-block-heading\">Kim jeste\u015bmy<\/h2>\n<p><\/p>\n<p>Nasz adres internetowy to: http:\/\/elegancebet.cz.<\/p>\n<p><\/p>\n<h2 class=\"wp-block-heading\">Komentarze<\/h2>\n<p><\/p>\n<p>Gdy odwiedzaj\u0105cy publikuj\u0105 komentarz na tej stronie, gromadzone s\u0105 informacje wy\u015bwietlane w formularzu komentarza, a tak\u017ce adres IP odwiedzaj\u0105cego i ci\u0105g agenta u\u017cytkownika definiuj\u0105cy przegl\u0105dark\u0119, co pomaga wykrywa\u0107 spam.<\/p>\n<p><\/p>\n<p>Gravatar mo\u017ce otrzyma\u0107 anonimowy ci\u0105g znak\u00f3w utworzony z adresu e-mail u\u017cytkownika (zwany r\u00f3wnie\u017c skr\u00f3tem), kt\u00f3ry mo\u017ce zosta\u0107 wykorzystany do okre\u015blenia, czy u\u017cytkownik korzysta z us\u0142ugi. Polityka prywatno\u015bci Gravatara jest dost\u0119pna tutaj: https:\/\/automattic.com\/privacy\/. Po zatwierdzeniu komentarza zdj\u0119cie profilowe jest widoczne publicznie w kontek\u015bcie komentarza.<\/p>\n<p><\/p>\n<h2 class=\"wp-block-heading\">Media<\/h2>\n<p><\/p>\n<p>W przypadku przesy\u0142ania obraz\u00f3w do tej witryny nale\u017cy unika\u0107 przesy\u0142ania obraz\u00f3w z osadzonymi danymi lokalizacji (EXIF GPS). Odwiedzaj\u0105cy witryn\u0119 mog\u0105 pobiera\u0107 i wy\u015bwietla\u0107 dowolne dane lokalizacji z obraz\u00f3w w witrynie.<\/p>\n<p><\/p>\n<p><\/p>\n<h2 class=\"wp-block-heading\">Osadzona zawarto\u015b\u0107 z innych stron internetowych<\/h2>\n<p><\/p>\n<p>Posty na tej stronie mog\u0105 zawiera\u0107 osadzone tre\u015bci (takie jak filmy, obrazy, artyku\u0142y itp.). Osadzone tre\u015bci z innych witryn zachowuj\u0105 si\u0119 w taki sam spos\u00f3b, jak gdyby u\u017cytkownik odwiedzi\u0142 inn\u0105 witryn\u0119.<\/p>\n<p><\/p>\n<p>Niniejsza witryna internetowa mo\u017ce gromadzi\u0107 dane o u\u017cytkowniku, wykorzystywa\u0107 pliki cookie, osadza\u0107 dodatkowe funkcje \u015bledzenia od stron trzecich i \u015bledzi\u0107 interakcje u\u017cytkownika z osadzon\u0105 zawarto\u015bci\u0105, w tym \u015bledzi\u0107 interakcje u\u017cytkownika z osadzon\u0105 zawarto\u015bci\u0105, je\u015bli u\u017cytkownik posiada konto i jest zalogowany w witrynie.<\/p>\n<p><\/p>\n<h2 class=\"wp-block-heading\">Komu udost\u0119pniamy dane u\u017cytkownika<\/h2>\n<p><\/p>\n<p>Je\u015bli poprosisz o zresetowanie has\u0142a, Tw\u00f3j adres IP zostanie uwzgl\u0119dniony w wiadomo\u015bci e-mail z pro\u015bb\u0105 o zresetowanie has\u0142a.<\/p>\n<p><\/p>\n<h2 class=\"wp-block-heading\">Jak d\u0142ugo przechowujemy dane u\u017cytkownika<\/h2>\n<p><\/p>\n<p>Je\u015bli dodasz komentarz, komentarz i jego metadane b\u0119d\u0105 przechowywane przez czas nieokre\u015blony. Dane te s\u0105 przechowywane w celu automatycznego rozpoznawania i zatwierdzania wszystkich kolejnych komentarzy, zamiast przechowywania ich w kolejce moderacji.<\/p>\n<p><\/p>\n<p>W przypadku u\u017cytkownik\u00f3w, kt\u00f3rzy zarejestruj\u0105 si\u0119 na tej stronie (je\u015bli maj\u0105 tak\u0105 mo\u017cliwo\u015b\u0107), przechowujemy r\u00f3wnie\u017c dane osobowe, kt\u00f3re podaj\u0105 w swoim profilu u\u017cytkownika. Wszyscy u\u017cytkownicy mog\u0105 przegl\u0105da\u0107, edytowa\u0107 lub usuwa\u0107 swoje dane osobowe w dowolnym momencie (z wyj\u0105tkiem tego, \u017ce nie mog\u0105 zmieni\u0107 swojej nazwy u\u017cytkownika). Administratorzy strony mog\u0105 r\u00f3wnie\u017c przegl\u0105da\u0107 i edytowa\u0107 te informacje.<\/p>\n<p><\/p>\n<h2 class=\"wp-block-heading\">Jakie s\u0105 Twoje prawa?<\/h2>\n<p><\/p>\n<p>Je\u015bli masz konto na tej stronie lub opublikowa\u0142e\u015b tutaj komentarze, mo\u017cesz poprosi\u0107 o otrzymanie pliku eksportu danych osobowych, kt\u00f3re przechowujemy na Tw\u00f3j temat, w tym wszelkich danych, kt\u00f3re nam przekaza\u0142e\u015b. U\u017cytkownik mo\u017ce r\u00f3wnie\u017c za\u017c\u0105da\u0107 usuni\u0119cia wszelkich przechowywanych przez nas jego danych osobowych. Opcja ta nie obejmuje danych, kt\u00f3re musimy zachowa\u0107 ze wzgl\u0119d\u00f3w administracyjnych, prawnych lub bezpiecze\u0144stwa.<\/p>\n<p><\/p>\n<h2 class=\"wp-block-heading\">Gdzie przesy\u0142ane s\u0105 dane u\u017cytkownika<\/h2>\n<p><\/p>\n<p>Komentarze odwiedzaj\u0105cych mog\u0105 by\u0107 sprawdzane przez zautomatyzowan\u0105 us\u0142ug\u0119 wykrywania spamu, kt\u00f3ra mo\u017ce znajdowa\u0107 si\u0119 za granic\u0105.<\/p>\n<p><\/p>\t\t\t\t\t\t\t\t<\/div>\n\t\t\t\t<\/div>\n\t\t\t\t\t<\/div>\n\t\t\t\t<\/div>\n\t\t\t\t<\/div>","protected":false},"excerpt":{"rendered":"<p>Kdo jsme Na\u0161e webov\u00e1 adresa je: http:\/\/elegancebet.cz. Koment\u00e1\u0159e Kdy\u017e n\u00e1v\u0161t\u011bvn\u00edci p\u0159idaj\u00ed koment\u00e1\u0159 na tento web, jsou shroma\u017e\u010fov\u00e1ny \u00fadaje zobrazen\u00e9 ve formul\u00e1\u0159i pro koment\u00e1\u0159, d\u00e1le IP adresa n\u00e1v\u0161t\u011bvn\u00edka a \u0159et\u011bzec user agent definuj\u00edc\u00ed prohl\u00ed\u017ee\u010d, co\u017e pom\u00e1h\u00e1 k detekci spamu. Slu\u017eb\u011b Gravatar m\u016f\u017ee b\u00fdt poskytnut anonymn\u00ed \u0159et\u011bzec vytvo\u0159en\u00fd z va\u0161\u00ed e-mailov\u00e9 adresy (naz\u00fdvan\u00fd tak\u00e9 hash), d\u00edky kter\u00e9mu [&hellip;]<\/p>\n","protected":false},"author":1,"featured_media":0,"parent":0,"menu_order":0,"comment_status":"closed","ping_status":"open","template":"elementor_header_footer","meta":{"site-sidebar-layout":"default","site-content-layout":"","ast-site-content-layout":"default","site-content-style":"default","site-sidebar-style":"default","ast-global-header-display":"","ast-banner-title-visibility":"","ast-main-header-display":"","ast-hfb-above-header-display":"","ast-hfb-below-header-display":"","ast-hfb-mobile-header-display":"","site-post-title":"","ast-breadcrumbs-content":"","ast-featured-img":"","footer-sml-layout":"","ast-disable-related-posts":"","theme-transparent-header-meta":"","adv-header-id-meta":"","stick-header-meta":"","header-above-stick-meta":"","header-main-stick-meta":"","header-below-stick-meta":"","astra-migrate-meta-layouts":"set","ast-page-background-enabled":"default","ast-page-background-meta":{"desktop":{"background-color":"var(--ast-global-color-4)","background-image":"","background-repeat":"repeat","background-position":"center center","background-size":"auto","background-attachment":"scroll","background-type":"","background-media":"","overlay-type":"","overlay-color":"","overlay-opacity":"","overlay-gradient":""},"tablet":{"background-color":"","background-image":"","background-repeat":"repeat","background-position":"center center","background-size":"auto","background-attachment":"scroll","background-type":"","background-media":"","overlay-type":"","overlay-color":"","overlay-opacity":"","overlay-gradient":""},"mobile":{"background-color":"","background-image":"","background-repeat":"repeat","background-position":"center center","background-size":"auto","background-attachment":"scroll","background-type":"","background-media":"","overlay-type":"","overlay-color":"","overlay-opacity":"","overlay-gradient":""}},"ast-content-background-meta":{"desktop":{"background-color":"var(--ast-global-color-5)","background-image":"","background-repeat":"repeat","background-position":"center center","background-size":"auto","background-attachment":"scroll","background-type":"","background-media":"","overlay-type":"","overlay-color":"","overlay-opacity":"","overlay-gradient":""},"tablet":{"background-color":"var(--ast-global-color-5)","background-image":"","background-repeat":"repeat","background-position":"center center","background-size":"auto","background-attachment":"scroll","background-type":"","background-media":"","overlay-type":"","overlay-color":"","overlay-opacity":"","overlay-gradient":""},"mobile":{"background-color":"var(--ast-global-color-5)","background-image":"","background-repeat":"repeat","background-position":"center center","background-size":"auto","background-attachment":"scroll","background-type":"","background-media":"","overlay-type":"","overlay-color":"","overlay-opacity":"","overlay-gradient":""}},"footnotes":""},"class_list":["post-3","page","type-page","status-publish","hentry"],"yoast_head":"<!-- This site is optimized with the Yoast SEO plugin v27.2 - https:\/\/yoast.com\/product\/yoast-seo-wordpress\/ -->\n<title>Z\u00e1sady ochrany osobn\u00edch \u00fadaj\u016f - EleganceBet<\/title>\n<meta name=\"robots\" content=\"index, follow, max-snippet:-1, max-image-preview:large, max-video-preview:-1\" \/>\n<link rel=\"canonical\" href=\"https:\/\/elegancebet.cz\/pl\/ochrona-danych-osobowych\/\" \/>\n<meta property=\"og:locale\" content=\"pl_PL\" \/>\n<meta property=\"og:type\" content=\"article\" \/>\n<meta property=\"og:title\" content=\"Z\u00e1sady ochrany osobn\u00edch \u00fadaj\u016f - EleganceBet\" \/>\n<meta property=\"og:description\" content=\"Kdo jsme Na\u0161e webov\u00e1 adresa je: http:\/\/elegancebet.cz. Koment\u00e1\u0159e Kdy\u017e n\u00e1v\u0161t\u011bvn\u00edci p\u0159idaj\u00ed koment\u00e1\u0159 na tento web, jsou shroma\u017e\u010fov\u00e1ny \u00fadaje zobrazen\u00e9 ve formul\u00e1\u0159i pro koment\u00e1\u0159, d\u00e1le IP adresa n\u00e1v\u0161t\u011bvn\u00edka a \u0159et\u011bzec user agent definuj\u00edc\u00ed prohl\u00ed\u017ee\u010d, co\u017e pom\u00e1h\u00e1 k detekci spamu. Slu\u017eb\u011b Gravatar m\u016f\u017ee b\u00fdt poskytnut anonymn\u00ed \u0159et\u011bzec vytvo\u0159en\u00fd z va\u0161\u00ed e-mailov\u00e9 adresy (naz\u00fdvan\u00fd tak\u00e9 hash), d\u00edky kter\u00e9mu [&hellip;]\" \/>\n<meta property=\"og:url\" content=\"https:\/\/elegancebet.cz\/pl\/ochrona-danych-osobowych\/\" \/>\n<meta property=\"og:site_name\" content=\"EleganceBet\" \/>\n<meta property=\"article:publisher\" content=\"https:\/\/www.facebook.com\/profile.php?id=61555850011343\" \/>\n<meta property=\"article:modified_time\" content=\"2024-06-14T11:29:09+00:00\" \/>\n<meta name=\"twitter:card\" content=\"summary_large_image\" \/>\n<meta name=\"twitter:label1\" content=\"Szacowany czas czytania\" \/>\n\t<meta name=\"twitter:data1\" content=\"3 minuty\" \/>\n<script type=\"application\/ld+json\" class=\"yoast-schema-graph\">{\"@context\":\"https:\/\/schema.org\",\"@graph\":[{\"@type\":\"WebPage\",\"@id\":\"https:\/\/elegancebet.cz\/pl\/ochrona-danych-osobowych\/\",\"url\":\"https:\/\/elegancebet.cz\/pl\/ochrona-danych-osobowych\/\",\"name\":\"Z\u00e1sady ochrany osobn\u00edch \u00fadaj\u016f - EleganceBet\",\"isPartOf\":{\"@id\":\"https:\/\/elegancebet.cz\/#website\"},\"datePublished\":\"2024-01-05T13:57:29+00:00\",\"dateModified\":\"2024-06-14T11:29:09+00:00\",\"breadcrumb\":{\"@id\":\"https:\/\/elegancebet.cz\/pl\/ochrona-danych-osobowych\/#breadcrumb\"},\"inLanguage\":\"pl-PL\",\"potentialAction\":[{\"@type\":\"ReadAction\",\"target\":[\"https:\/\/elegancebet.cz\/pl\/ochrona-danych-osobowych\/\"]}]},{\"@type\":\"BreadcrumbList\",\"@id\":\"https:\/\/elegancebet.cz\/pl\/ochrona-danych-osobowych\/#breadcrumb\",\"itemListElement\":[{\"@type\":\"ListItem\",\"position\":1,\"name\":\"Dom\u016f\",\"item\":\"https:\/\/elegancebet.cz\/\"},{\"@type\":\"ListItem\",\"position\":2,\"name\":\"Z\u00e1sady ochrany osobn\u00edch \u00fadaj\u016f\"}]},{\"@type\":\"WebSite\",\"@id\":\"https:\/\/elegancebet.cz\/#website\",\"url\":\"https:\/\/elegancebet.cz\/\",\"name\":\"EleganceBet\",\"description\":\"Hr\u00e1t. Prozkoumat. U\u010dit se.\",\"publisher\":{\"@id\":\"https:\/\/elegancebet.cz\/#organization\"},\"potentialAction\":[{\"@type\":\"SearchAction\",\"target\":{\"@type\":\"EntryPoint\",\"urlTemplate\":\"https:\/\/elegancebet.cz\/?s={search_term_string}\"},\"query-input\":{\"@type\":\"PropertyValueSpecification\",\"valueRequired\":true,\"valueName\":\"search_term_string\"}}],\"inLanguage\":\"pl-PL\"},{\"@type\":\"Organization\",\"@id\":\"https:\/\/elegancebet.cz\/#organization\",\"name\":\"EleganceBet\",\"url\":\"https:\/\/elegancebet.cz\/\",\"logo\":{\"@type\":\"ImageObject\",\"inLanguage\":\"pl-PL\",\"@id\":\"https:\/\/elegancebet.cz\/#\/schema\/logo\/image\/\",\"url\":\"https:\/\/elegancebet.cz\/wp-content\/uploads\/2025\/01\/Logo_Final.jpg\",\"contentUrl\":\"https:\/\/elegancebet.cz\/wp-content\/uploads\/2025\/01\/Logo_Final.jpg\",\"width\":1265,\"height\":1280,\"caption\":\"EleganceBet\"},\"image\":{\"@id\":\"https:\/\/elegancebet.cz\/#\/schema\/logo\/image\/\"},\"sameAs\":[\"https:\/\/www.facebook.com\/profile.php?id=61555850011343\",\"https:\/\/www.instagram.com\/elegancebet_official\/\"]}]}<\/script>\n<!-- \/ Yoast SEO plugin. -->","yoast_head_json":{"title":"Polityka prywatno\u015bci - EleganceBet","robots":{"index":"index","follow":"follow","max-snippet":"max-snippet:-1","max-image-preview":"max-image-preview:large","max-video-preview":"max-video-preview:-1"},"canonical":"https:\/\/elegancebet.cz\/pl\/ochrona-danych-osobowych\/","og_locale":"pl_PL","og_type":"article","og_title":"Z\u00e1sady ochrany osobn\u00edch \u00fadaj\u016f - EleganceBet","og_description":"Kdo jsme Na\u0161e webov\u00e1 adresa je: http:\/\/elegancebet.cz. Koment\u00e1\u0159e Kdy\u017e n\u00e1v\u0161t\u011bvn\u00edci p\u0159idaj\u00ed koment\u00e1\u0159 na tento web, jsou shroma\u017e\u010fov\u00e1ny \u00fadaje zobrazen\u00e9 ve formul\u00e1\u0159i pro koment\u00e1\u0159, d\u00e1le IP adresa n\u00e1v\u0161t\u011bvn\u00edka a \u0159et\u011bzec user agent definuj\u00edc\u00ed prohl\u00ed\u017ee\u010d, co\u017e pom\u00e1h\u00e1 k detekci spamu. Slu\u017eb\u011b Gravatar m\u016f\u017ee b\u00fdt poskytnut anonymn\u00ed \u0159et\u011bzec vytvo\u0159en\u00fd z va\u0161\u00ed e-mailov\u00e9 adresy (naz\u00fdvan\u00fd tak\u00e9 hash), d\u00edky kter\u00e9mu [&hellip;]","og_url":"https:\/\/elegancebet.cz\/pl\/ochrona-danych-osobowych\/","og_site_name":"EleganceBet","article_publisher":"https:\/\/www.facebook.com\/profile.php?id=61555850011343","article_modified_time":"2024-06-14T11:29:09+00:00","twitter_card":"summary_large_image","twitter_misc":{"Szacowany czas czytania":"3 minuty"},"schema":{"@context":"https:\/\/schema.org","@graph":[{"@type":"WebPage","@id":"https:\/\/elegancebet.cz\/pl\/ochrona-danych-osobowych\/","url":"https:\/\/elegancebet.cz\/pl\/ochrona-danych-osobowych\/","name":"Polityka prywatno\u015bci - EleganceBet","isPartOf":{"@id":"https:\/\/elegancebet.cz\/#website"},"datePublished":"2024-01-05T13:57:29+00:00","dateModified":"2024-06-14T11:29:09+00:00","breadcrumb":{"@id":"https:\/\/elegancebet.cz\/pl\/ochrona-danych-osobowych\/#breadcrumb"},"inLanguage":"pl-PL","potentialAction":[{"@type":"ReadAction","target":["https:\/\/elegancebet.cz\/pl\/ochrona-danych-osobowych\/"]}]},{"@type":"BreadcrumbList","@id":"https:\/\/elegancebet.cz\/pl\/ochrona-danych-osobowych\/#breadcrumb","itemListElement":[{"@type":"ListItem","position":1,"name":"Dom\u016f","item":"https:\/\/elegancebet.cz\/"},{"@type":"ListItem","position":2,"name":"Z\u00e1sady ochrany osobn\u00edch \u00fadaj\u016f"}]},{"@type":"WebSite","@id":"https:\/\/elegancebet.cz\/#website","url":"https:\/\/elegancebet.cz\/","name":"EleganceBet","description":"Graj. Eksploruj. Ucz si\u0119.","publisher":{"@id":"https:\/\/elegancebet.cz\/#organization"},"potentialAction":[{"@type":"SearchAction","target":{"@type":"EntryPoint","urlTemplate":"https:\/\/elegancebet.cz\/?s={search_term_string}"},"query-input":{"@type":"PropertyValueSpecification","valueRequired":true,"valueName":"search_term_string"}}],"inLanguage":"pl-PL"},{"@type":"Organization","@id":"https:\/\/elegancebet.cz\/#organization","name":"EleganceBet","url":"https:\/\/elegancebet.cz\/","logo":{"@type":"ImageObject","inLanguage":"pl-PL","@id":"https:\/\/elegancebet.cz\/#\/schema\/logo\/image\/","url":"https:\/\/elegancebet.cz\/wp-content\/uploads\/2025\/01\/Logo_Final.jpg","contentUrl":"https:\/\/elegancebet.cz\/wp-content\/uploads\/2025\/01\/Logo_Final.jpg","width":1265,"height":1280,"caption":"EleganceBet"},"image":{"@id":"https:\/\/elegancebet.cz\/#\/schema\/logo\/image\/"},"sameAs":["https:\/\/www.facebook.com\/profile.php?id=61555850011343","https:\/\/www.instagram.com\/elegancebet_official\/"]}]}},"jetpack_sharing_enabled":true,"_links":{"self":[{"href":"https:\/\/elegancebet.cz\/pl\/wp-json\/wp\/v2\/pages\/3","targetHints":{"allow":["GET"]}}],"collection":[{"href":"https:\/\/elegancebet.cz\/pl\/wp-json\/wp\/v2\/pages"}],"about":[{"href":"https:\/\/elegancebet.cz\/pl\/wp-json\/wp\/v2\/types\/page"}],"author":[{"embeddable":true,"href":"https:\/\/elegancebet.cz\/pl\/wp-json\/wp\/v2\/users\/1"}],"replies":[{"embeddable":true,"href":"https:\/\/elegancebet.cz\/pl\/wp-json\/wp\/v2\/comments?post=3"}],"version-history":[{"count":8,"href":"https:\/\/elegancebet.cz\/pl\/wp-json\/wp\/v2\/pages\/3\/revisions"}],"predecessor-version":[{"id":1873,"href":"https:\/\/elegancebet.cz\/pl\/wp-json\/wp\/v2\/pages\/3\/revisions\/1873"}],"wp:attachment":[{"href":"https:\/\/elegancebet.cz\/pl\/wp-json\/wp\/v2\/media?parent=3"}],"curies":[{"name":"wp","href":"https:\/\/api.w.org\/{rel}","templated":true}]}}